{"id":548,"date":"2026-04-12T15:43:01","date_gmt":"2026-04-12T15:43:01","guid":{"rendered":"https:\/\/silk-pajamas.com\/25-momme-sandwashed-silk-cami-set-bias-cut-champagne\/"},"modified":"2026-05-09T10:22:40","modified_gmt":"2026-05-09T10:22:40","slug":"25-momme-sandwashed-silk-cami-set-bias-cut-champagne","status":"publish","type":"product","link":"https:\/\/silk-pajamas.com\/es\/25-momme-sandwashed-silk-cami-set-bias-cut-champagne\/","title":{"rendered":"25 Momme Conjunto Cami Seda Corte Bies Champagne"},"content":{"rendered":"<p>Confeccionado en seda sandwashed de 25 momme, este conjunto de dos piezas para dormir combina detalles de corte al bies con un brillo suave y un tacto transpirable. El acabado champ\u00e1n le confiere un aspecto refinado, mientras que las tallas S, M, L, XL ayudan a cubrir la demanda b\u00e1sica. Adecuado para armarios de novia y armarios de todas las temporadas. Lavar a mano en fr\u00edo o en ciclo delicado.<\/p>","protected":false},"excerpt":{"rendered":"<p>25 Conjunto de dos piezas Momme Sandwashed de seda en color champ\u00e1n. Acabado Bias Cut, tacto ligero y tallas S, M, L, XL. Dise\u00f1ado para armarios de novias.<\/p>","protected":false},"featured_media":2490,"template":"","meta":{"_gspb_post_css":""},"product_brand":[],"product_cat":[22],"product_tag":[81,82,60],"class_list":{"0":"post-548","1":"product","2":"type-product","3":"status-publish","4":"has-post-thumbnail","6":"product_cat-silk-camisole-sets","7":"product_tag-25-momme-silk-camisole-set-champagne","8":"product_tag-manufacturer-silk-camisole-set-for-bridal-wardrobes","9":"product_tag-sandwashed-silk-camisole-set-bias-cut","11":"first","12":"instock","13":"shipping-taxable","14":"purchasable","15":"product-type-simple"},"_links":{"self":[{"href":"https:\/\/silk-pajamas.com\/es\/wp-json\/wp\/v2\/product\/548","targetHints":{"allow":["GET"]}}],"collection":[{"href":"https:\/\/silk-pajamas.com\/es\/wp-json\/wp\/v2\/product"}],"about":[{"href":"https:\/\/silk-pajamas.com\/es\/wp-json\/wp\/v2\/types\/product"}],"wp:featuredmedia":[{"embeddable":true,"href":"https:\/\/silk-pajamas.com\/es\/wp-json\/wp\/v2\/media\/2490"}],"wp:attachment":[{"href":"https:\/\/silk-pajamas.com\/es\/wp-json\/wp\/v2\/media?parent=548"}],"wp:term":[{"taxonomy":"product_brand","embeddable":true,"href":"https:\/\/silk-pajamas.com\/es\/wp-json\/wp\/v2\/product_brand?post=548"},{"taxonomy":"product_cat","embeddable":true,"href":"https:\/\/silk-pajamas.com\/es\/wp-json\/wp\/v2\/product_cat?post=548"},{"taxonomy":"product_tag","embeddable":true,"href":"https:\/\/silk-pajamas.com\/es\/wp-json\/wp\/v2\/product_tag?post=548"}],"curies":[{"name":"wp","href":"https:\/\/api.w.org\/{rel}","templated":true}]}}