{"id":552,"date":"2026-04-12T15:43:02","date_gmt":"2026-04-12T15:43:02","guid":{"rendered":"https:\/\/silk-pajamas.com\/19-momme-charmeuse-silk-robe-nightgown-set-plus-size-floral\/"},"modified":"2026-05-09T09:49:29","modified_gmt":"2026-05-09T09:49:29","slug":"19-momme-charmeuse-silk-robe-nightgown-set-plus-size-floral","status":"publish","type":"product","link":"https:\/\/silk-pajamas.com\/es\/19-momme-charmeuse-silk-robe-nightgown-set-plus-size-floral\/","title":{"rendered":"19 Conjunto de camis\u00f3n de seda Momme Charmeuse Plus Size Floral"},"content":{"rendered":"<p>Confeccionado con seda charmeuse 19 momme, este conjunto de camis\u00f3n y albornoz a juego ofrece un tacto suave, una agradable sensaci\u00f3n en la piel y un movimiento elegante. La confecci\u00f3n con costura francesa y el color floral mantienen el look refinado para la mujer. Disponible en XL, XXL, 3XL, 4XL. Lavar a mano en fr\u00edo o en ciclo delicado.<\/p>","protected":false},"excerpt":{"rendered":"<p>Conjunto de camis\u00f3n y albornoz a juego en seda Momme Charmeuse 19 en Floral. Acabado de costura francesa, tacto suave y tallas XL, XXL, 3XL, 4XL. Dise\u00f1ado para la mujer.<\/p>","protected":false},"featured_media":2362,"template":"","meta":{"_gspb_post_css":""},"product_brand":[],"product_cat":[23],"product_tag":[89,90,91],"class_list":{"0":"post-552","1":"product","2":"type-product","3":"status-publish","4":"has-post-thumbnail","6":"product_cat-silk-nightgown-robe-set","7":"product_tag-19-momme-silk-nightgown-robe-set-floral","8":"product_tag-charmeuse-silk-nightgown-robe-set-french-seam","9":"product_tag-vendor-silk-nightgown-robe-set-for-women","11":"first","12":"instock","13":"featured","14":"shipping-taxable","15":"purchasable","16":"product-type-simple"},"_links":{"self":[{"href":"https:\/\/silk-pajamas.com\/es\/wp-json\/wp\/v2\/product\/552","targetHints":{"allow":["GET"]}}],"collection":[{"href":"https:\/\/silk-pajamas.com\/es\/wp-json\/wp\/v2\/product"}],"about":[{"href":"https:\/\/silk-pajamas.com\/es\/wp-json\/wp\/v2\/types\/product"}],"wp:featuredmedia":[{"embeddable":true,"href":"https:\/\/silk-pajamas.com\/es\/wp-json\/wp\/v2\/media\/2362"}],"wp:attachment":[{"href":"https:\/\/silk-pajamas.com\/es\/wp-json\/wp\/v2\/media?parent=552"}],"wp:term":[{"taxonomy":"product_brand","embeddable":true,"href":"https:\/\/silk-pajamas.com\/es\/wp-json\/wp\/v2\/product_brand?post=552"},{"taxonomy":"product_cat","embeddable":true,"href":"https:\/\/silk-pajamas.com\/es\/wp-json\/wp\/v2\/product_cat?post=552"},{"taxonomy":"product_tag","embeddable":true,"href":"https:\/\/silk-pajamas.com\/es\/wp-json\/wp\/v2\/product_tag?post=552"}],"curies":[{"name":"wp","href":"https:\/\/api.w.org\/{rel}","templated":true}]}}