{"id":556,"date":"2026-04-12T15:43:02","date_gmt":"2026-04-12T15:43:02","guid":{"rendered":"https:\/\/silk-pajamas.com\/25-momme-mulberry-silk-nightgown-robe-set-belted-wine-vendor\/"},"modified":"2026-05-09T09:52:06","modified_gmt":"2026-05-09T09:52:06","slug":"25-momme-mulberry-silk-nightgown-robe-set-belted-wine-vendor","status":"publish","type":"product","link":"https:\/\/silk-pajamas.com\/es\/25-momme-mulberry-silk-nightgown-robe-set-belted-wine-vendor\/","title":{"rendered":"25 Momme Mulberry Camis\u00f3n de Seda Conjunto de Bata con Cintur\u00f3n Vendedor de Vino"},"content":{"rendered":"<p>Confeccionado en seda de morera de 25 momme, este conjunto de camis\u00f3n y bata a juego combina el detalle del cintur\u00f3n con un brillo suave y un tacto transpirable. El acabado vino le confiere un aspecto refinado, mientras que las tallas XS, S, M, L, XL, XXL ayudan a cubrir la demanda b\u00e1sica. Adecuada para surtidos de regalo y armarios de oto\u00f1o. Lavar a mano en fr\u00edo o en ciclo delicado.<\/p>","protected":false},"excerpt":{"rendered":"<p>25 Conjunto de camis\u00f3n y albornoz de seda Mulberry de Momme en color vino. Acabado con cintur\u00f3n, tacto suave y tallas XS, S, M, L, XL, XXL. Dise\u00f1ado para surtidos de regalo.<\/p>","protected":false},"featured_media":2532,"template":"","meta":{"_gspb_post_css":""},"product_brand":[],"product_cat":[23],"product_tag":[101,99,102],"class_list":{"0":"post-556","1":"product","2":"type-product","3":"status-publish","4":"has-post-thumbnail","6":"product_cat-silk-nightgown-robe-set","7":"product_tag-25-momme-silk-nightgown-robe-set-wine","8":"product_tag-mulberry-silk-nightgown-robe-set-belted","9":"product_tag-wholesale-silk-nightgown-robe-set-for-gift-assortments","11":"first","12":"instock","13":"shipping-taxable","14":"purchasable","15":"product-type-simple"},"_links":{"self":[{"href":"https:\/\/silk-pajamas.com\/es\/wp-json\/wp\/v2\/product\/556","targetHints":{"allow":["GET"]}}],"collection":[{"href":"https:\/\/silk-pajamas.com\/es\/wp-json\/wp\/v2\/product"}],"about":[{"href":"https:\/\/silk-pajamas.com\/es\/wp-json\/wp\/v2\/types\/product"}],"wp:featuredmedia":[{"embeddable":true,"href":"https:\/\/silk-pajamas.com\/es\/wp-json\/wp\/v2\/media\/2532"}],"wp:attachment":[{"href":"https:\/\/silk-pajamas.com\/es\/wp-json\/wp\/v2\/media?parent=556"}],"wp:term":[{"taxonomy":"product_brand","embeddable":true,"href":"https:\/\/silk-pajamas.com\/es\/wp-json\/wp\/v2\/product_brand?post=556"},{"taxonomy":"product_cat","embeddable":true,"href":"https:\/\/silk-pajamas.com\/es\/wp-json\/wp\/v2\/product_cat?post=556"},{"taxonomy":"product_tag","embeddable":true,"href":"https:\/\/silk-pajamas.com\/es\/wp-json\/wp\/v2\/product_tag?post=556"}],"curies":[{"name":"wp","href":"https:\/\/api.w.org\/{rel}","templated":true}]}}