{"id":557,"date":"2026-04-12T15:43:02","date_gmt":"2026-04-12T15:43:02","guid":{"rendered":"https:\/\/silk-pajamas.com\/22-momme-charmeuse-silk-nightgown-robe-set-french-seam-rose\/"},"modified":"2026-05-09T09:59:43","modified_gmt":"2026-05-09T09:59:43","slug":"22-momme-charmeuse-silk-nightgown-robe-set-french-seam-rose","status":"publish","type":"product","link":"https:\/\/silk-pajamas.com\/es\/22-momme-charmeuse-silk-nightgown-robe-set-french-seam-rose\/","title":{"rendered":"22 Momme Charmeuse Camis\u00f3n de Seda Juego de Bata Costura Francesa Rosa"},"content":{"rendered":"<p>Confeccionado en seda charmeuse 22 momme, este conjunto de camis\u00f3n y bata a juego combina el detalle de la costura francesa con un brillo suave y un tacto transpirable. El acabado en rosa le confiere un aspecto refinado, mientras que las tallas XS, S, M, L, XL, XXL ayudan a cubrir la demanda b\u00e1sica. Adecuada para mujeres y armarios de todas las temporadas. Lavar a mano en fr\u00edo o en ciclo delicado.<\/p>","protected":false},"excerpt":{"rendered":"<p>Conjunto de camis\u00f3n y bata de seda Momme Charmeuse 22 en color rosa. Acabado de costura francesa, suave ca\u00edda y tallas XS, S, M, L, XL, XXL. Dise\u00f1ado para la mujer.<\/p>","protected":false},"featured_media":2533,"template":"","meta":{"_gspb_post_css":""},"product_brand":[],"product_cat":[23],"product_tag":[103,90,104],"class_list":{"0":"post-557","1":"product","2":"type-product","3":"status-publish","4":"has-post-thumbnail","6":"product_cat-silk-nightgown-robe-set","7":"product_tag-22-momme-silk-nightgown-robe-set-rose","8":"product_tag-charmeuse-silk-nightgown-robe-set-french-seam","9":"product_tag-supplier-silk-nightgown-robe-set-for-women","11":"first","12":"instock","13":"featured","14":"shipping-taxable","15":"purchasable","16":"product-type-simple"},"_links":{"self":[{"href":"https:\/\/silk-pajamas.com\/es\/wp-json\/wp\/v2\/product\/557","targetHints":{"allow":["GET"]}}],"collection":[{"href":"https:\/\/silk-pajamas.com\/es\/wp-json\/wp\/v2\/product"}],"about":[{"href":"https:\/\/silk-pajamas.com\/es\/wp-json\/wp\/v2\/types\/product"}],"wp:featuredmedia":[{"embeddable":true,"href":"https:\/\/silk-pajamas.com\/es\/wp-json\/wp\/v2\/media\/2533"}],"wp:attachment":[{"href":"https:\/\/silk-pajamas.com\/es\/wp-json\/wp\/v2\/media?parent=557"}],"wp:term":[{"taxonomy":"product_brand","embeddable":true,"href":"https:\/\/silk-pajamas.com\/es\/wp-json\/wp\/v2\/product_brand?post=557"},{"taxonomy":"product_cat","embeddable":true,"href":"https:\/\/silk-pajamas.com\/es\/wp-json\/wp\/v2\/product_cat?post=557"},{"taxonomy":"product_tag","embeddable":true,"href":"https:\/\/silk-pajamas.com\/es\/wp-json\/wp\/v2\/product_tag?post=557"}],"curies":[{"name":"wp","href":"https:\/\/api.w.org\/{rel}","templated":true}]}}