{"id":561,"date":"2026-04-12T15:43:02","date_gmt":"2026-04-12T15:43:02","guid":{"rendered":"https:\/\/silk-pajamas.com\/19-momme-crepe-silk-nightgown-robe-set-belted-floral-factory\/"},"modified":"2026-05-09T10:02:58","modified_gmt":"2026-05-09T10:02:58","slug":"19-momme-crepe-silk-nightgown-robe-set-belted-floral-factory","status":"publish","type":"product","link":"https:\/\/silk-pajamas.com\/es\/19-momme-crepe-silk-nightgown-robe-set-belted-floral-factory\/","title":{"rendered":"19 Momme Crepe Seda Camis\u00f3n Conjunto Bata Cintur\u00f3n Floral Factory"},"content":{"rendered":"<p>Confeccionado en crep\u00e9 de seda 19 momme, este conjunto de camis\u00f3n y bata a juego ofrece una ca\u00edda suave, un tacto agradable y un movimiento elegante. La construcci\u00f3n con cintur\u00f3n y el color floral mantienen el aspecto pulido para los programas de spa. Disponible en XL, XXL, 3XL, 4XL. Lavar a mano en fr\u00edo o en ciclo delicado.<\/p>","protected":false},"excerpt":{"rendered":"<p>19 Conjunto de camis\u00f3n y bata de seda Momme Crepe en Floral. Acabado con cintur\u00f3n, suave ca\u00edda y tallas XL, XXL, 3XL, 4XL. Dise\u00f1ado para programas de spa.<\/p>","protected":false},"featured_media":2372,"template":"","meta":{"_gspb_post_css":""},"product_brand":[],"product_cat":[23],"product_tag":[89,112,113],"class_list":{"0":"post-561","1":"product","2":"type-product","3":"status-publish","4":"has-post-thumbnail","6":"product_cat-silk-nightgown-robe-set","7":"product_tag-19-momme-silk-nightgown-robe-set-floral","8":"product_tag-crepe-silk-nightgown-robe-set-belted","9":"product_tag-supplier-silk-nightgown-robe-set-for-spa-programs","11":"first","12":"instock","13":"shipping-taxable","14":"purchasable","15":"product-type-simple"},"_links":{"self":[{"href":"https:\/\/silk-pajamas.com\/es\/wp-json\/wp\/v2\/product\/561","targetHints":{"allow":["GET"]}}],"collection":[{"href":"https:\/\/silk-pajamas.com\/es\/wp-json\/wp\/v2\/product"}],"about":[{"href":"https:\/\/silk-pajamas.com\/es\/wp-json\/wp\/v2\/types\/product"}],"wp:featuredmedia":[{"embeddable":true,"href":"https:\/\/silk-pajamas.com\/es\/wp-json\/wp\/v2\/media\/2372"}],"wp:attachment":[{"href":"https:\/\/silk-pajamas.com\/es\/wp-json\/wp\/v2\/media?parent=561"}],"wp:term":[{"taxonomy":"product_brand","embeddable":true,"href":"https:\/\/silk-pajamas.com\/es\/wp-json\/wp\/v2\/product_brand?post=561"},{"taxonomy":"product_cat","embeddable":true,"href":"https:\/\/silk-pajamas.com\/es\/wp-json\/wp\/v2\/product_cat?post=561"},{"taxonomy":"product_tag","embeddable":true,"href":"https:\/\/silk-pajamas.com\/es\/wp-json\/wp\/v2\/product_tag?post=561"}],"curies":[{"name":"wp","href":"https:\/\/api.w.org\/{rel}","templated":true}]}}