{"id":567,"date":"2026-04-12T15:43:06","date_gmt":"2026-04-12T15:43:06","guid":{"rendered":"https:\/\/silk-pajamas.com\/22-momme-sandwashed-silk-nightgown-robe-set-belted-rose\/"},"modified":"2026-05-09T09:40:53","modified_gmt":"2026-05-09T09:40:53","slug":"22-momme-sandwashed-silk-nightgown-robe-set-belted-rose","status":"publish","type":"product","link":"https:\/\/silk-pajamas.com\/es\/22-momme-sandwashed-silk-nightgown-robe-set-belted-rose\/","title":{"rendered":"22 Conjunto camis\u00f3n de seda Momme Sandwashed Rosa con cintur\u00f3n"},"content":{"rendered":"<p>Confeccionado en seda sandwashed 22 momme, este conjunto de camis\u00f3n y bata a juego combina el detalle del cintur\u00f3n con un brillo suave y un tacto transpirable. El acabado en rosa le confiere un aspecto refinado, mientras que las tallas XL, XXL, 3XL, 4XL ayudan a cubrir la demanda b\u00e1sica. Adecuado para surtidos de regalo y armarios de verano. Lavar a mano en fr\u00edo o en ciclo delicado.<\/p>","protected":false},"excerpt":{"rendered":"<p>Conjunto de camis\u00f3n y bata a juego en seda Sandwashed 22 de Momme en color rosa. Acabado con cintur\u00f3n, tacto transpirable y tallas XL, XXL, 3XL, 4XL. Dise\u00f1ado para surtidos de regalo.<\/p>","protected":false},"featured_media":2519,"template":"","meta":{"_gspb_post_css":""},"product_brand":[],"product_cat":[23],"product_tag":[103,124,109],"class_list":{"0":"post-567","1":"product","2":"type-product","3":"status-publish","4":"has-post-thumbnail","6":"product_cat-silk-nightgown-robe-set","7":"product_tag-22-momme-silk-nightgown-robe-set-rose","8":"product_tag-sandwashed-silk-nightgown-robe-set-belted","9":"product_tag-supplier-silk-nightgown-robe-set-for-gift-assortments","11":"first","12":"instock","13":"featured","14":"shipping-taxable","15":"purchasable","16":"product-type-simple"},"_links":{"self":[{"href":"https:\/\/silk-pajamas.com\/es\/wp-json\/wp\/v2\/product\/567","targetHints":{"allow":["GET"]}}],"collection":[{"href":"https:\/\/silk-pajamas.com\/es\/wp-json\/wp\/v2\/product"}],"about":[{"href":"https:\/\/silk-pajamas.com\/es\/wp-json\/wp\/v2\/types\/product"}],"wp:featuredmedia":[{"embeddable":true,"href":"https:\/\/silk-pajamas.com\/es\/wp-json\/wp\/v2\/media\/2519"}],"wp:attachment":[{"href":"https:\/\/silk-pajamas.com\/es\/wp-json\/wp\/v2\/media?parent=567"}],"wp:term":[{"taxonomy":"product_brand","embeddable":true,"href":"https:\/\/silk-pajamas.com\/es\/wp-json\/wp\/v2\/product_brand?post=567"},{"taxonomy":"product_cat","embeddable":true,"href":"https:\/\/silk-pajamas.com\/es\/wp-json\/wp\/v2\/product_cat?post=567"},{"taxonomy":"product_tag","embeddable":true,"href":"https:\/\/silk-pajamas.com\/es\/wp-json\/wp\/v2\/product_tag?post=567"}],"curies":[{"name":"wp","href":"https:\/\/api.w.org\/{rel}","templated":true}]}}