{"id":568,"date":"2026-04-12T15:43:06","date_gmt":"2026-04-12T15:43:06","guid":{"rendered":"https:\/\/silk-pajamas.com\/25-momme-mulberry-silk-nightgown-robe-set-lace-trim-blush\/"},"modified":"2026-05-09T09:43:59","modified_gmt":"2026-05-09T09:43:59","slug":"25-momme-mulberry-silk-nightgown-robe-set-lace-trim-blush","status":"publish","type":"product","link":"https:\/\/silk-pajamas.com\/es\/25-momme-mulberry-silk-nightgown-robe-set-lace-trim-blush\/","title":{"rendered":"25 camis\u00f3n de seda Momme Mulberry Conjunto de bata con ribete de encaje Blush"},"content":{"rendered":"<p>Este conjunto de camis\u00f3n y bata a juego est\u00e1 confeccionado en seda de morera de 25 momme en tono rubor. Presenta adornos de encaje, una suave sensaci\u00f3n al tacto y una c\u00f3moda ca\u00edda para armarios de novia. Este modelo es compatible con las tallas XS, S, M, L, XL y XXL y es ideal para llevar en oto\u00f1o, regalar o para el d\u00eda a d\u00eda. Lavar a mano en fr\u00edo o en ciclo delicado.<\/p>","protected":false},"excerpt":{"rendered":"<p>25 Conjunto de camis\u00f3n y bata de seda Momme Mulberry en color Blush. Acabado con puntilla, tacto ligero y tallas XS, S, M, L, XL, XXL. Dise\u00f1ado para armarios de novias.<\/p>","protected":false},"featured_media":2495,"template":"","meta":{"_gspb_post_css":""},"product_brand":[],"product_cat":[23],"product_tag":[125,126,123],"class_list":{"0":"post-568","1":"product","2":"type-product","3":"status-publish","4":"has-post-thumbnail","6":"product_cat-silk-nightgown-robe-set","7":"product_tag-25-momme-silk-nightgown-robe-set-blush","8":"product_tag-mulberry-silk-nightgown-robe-set-lace-trim","9":"product_tag-wholesale-silk-nightgown-robe-set-for-bridal-wardrobes","11":"first","12":"instock","13":"shipping-taxable","14":"purchasable","15":"product-type-simple"},"_links":{"self":[{"href":"https:\/\/silk-pajamas.com\/es\/wp-json\/wp\/v2\/product\/568","targetHints":{"allow":["GET"]}}],"collection":[{"href":"https:\/\/silk-pajamas.com\/es\/wp-json\/wp\/v2\/product"}],"about":[{"href":"https:\/\/silk-pajamas.com\/es\/wp-json\/wp\/v2\/types\/product"}],"wp:featuredmedia":[{"embeddable":true,"href":"https:\/\/silk-pajamas.com\/es\/wp-json\/wp\/v2\/media\/2495"}],"wp:attachment":[{"href":"https:\/\/silk-pajamas.com\/es\/wp-json\/wp\/v2\/media?parent=568"}],"wp:term":[{"taxonomy":"product_brand","embeddable":true,"href":"https:\/\/silk-pajamas.com\/es\/wp-json\/wp\/v2\/product_brand?post=568"},{"taxonomy":"product_cat","embeddable":true,"href":"https:\/\/silk-pajamas.com\/es\/wp-json\/wp\/v2\/product_cat?post=568"},{"taxonomy":"product_tag","embeddable":true,"href":"https:\/\/silk-pajamas.com\/es\/wp-json\/wp\/v2\/product_tag?post=568"}],"curies":[{"name":"wp","href":"https:\/\/api.w.org\/{rel}","templated":true}]}}