{"id":571,"date":"2026-04-12T15:43:07","date_gmt":"2026-04-12T15:43:07","guid":{"rendered":"https:\/\/silk-pajamas.com\/25-momme-mulberry-silk-nightgown-adjustable-strap-pearl\/"},"modified":"2026-05-09T09:15:12","modified_gmt":"2026-05-09T09:15:12","slug":"25-momme-mulberry-silk-nightgown-adjustable-strap-pearl","status":"publish","type":"product","link":"https:\/\/silk-pajamas.com\/es\/25-momme-mulberry-silk-nightgown-adjustable-strap-pearl\/","title":{"rendered":"25 Momme Camis\u00f3n de Seda de Mulberry Correa Ajustable Perla"},"content":{"rendered":"<p>Este camis\u00f3n estilo slip est\u00e1 confeccionado en seda de morera de 25 momme en tono perla. Tiene tirantes ajustables, una suave sensaci\u00f3n al tacto y una c\u00f3moda ca\u00edda para surtidos de regalo. Este modelo es compatible con las tallas XS, S, M, L y XL, y es ideal para llevar en cualquier \u00e9poca del a\u00f1o, para regalar o para el d\u00eda a d\u00eda. Lavar a mano en fr\u00edo o en ciclo suave.<\/p>","protected":false},"excerpt":{"rendered":"<p>25 camis\u00f3n de seda estilo slip de Momme Mulberry en color perla. Acabado con tiras ajustables, tacto suave y tallas XS, S, M, L, XL. Dise\u00f1ado para surtidos de regalo.<\/p>","protected":false},"featured_media":2467,"template":"","meta":{"_gspb_post_css":""},"product_brand":[],"product_cat":[21],"product_tag":[131,133,132],"class_list":{"0":"post-571","1":"product","2":"type-product","3":"status-publish","4":"has-post-thumbnail","6":"product_cat-silk-nightgowns","7":"product_tag-25-momme-silk-nightgown-pearl","8":"product_tag-manufacturer-silk-nightgown-for-gift-assortments","9":"product_tag-mulberry-silk-nightgown-adjustable-strap","11":"first","12":"instock","13":"featured","14":"shipping-taxable","15":"purchasable","16":"product-type-simple"},"_links":{"self":[{"href":"https:\/\/silk-pajamas.com\/es\/wp-json\/wp\/v2\/product\/571","targetHints":{"allow":["GET"]}}],"collection":[{"href":"https:\/\/silk-pajamas.com\/es\/wp-json\/wp\/v2\/product"}],"about":[{"href":"https:\/\/silk-pajamas.com\/es\/wp-json\/wp\/v2\/types\/product"}],"wp:featuredmedia":[{"embeddable":true,"href":"https:\/\/silk-pajamas.com\/es\/wp-json\/wp\/v2\/media\/2467"}],"wp:attachment":[{"href":"https:\/\/silk-pajamas.com\/es\/wp-json\/wp\/v2\/media?parent=571"}],"wp:term":[{"taxonomy":"product_brand","embeddable":true,"href":"https:\/\/silk-pajamas.com\/es\/wp-json\/wp\/v2\/product_brand?post=571"},{"taxonomy":"product_cat","embeddable":true,"href":"https:\/\/silk-pajamas.com\/es\/wp-json\/wp\/v2\/product_cat?post=571"},{"taxonomy":"product_tag","embeddable":true,"href":"https:\/\/silk-pajamas.com\/es\/wp-json\/wp\/v2\/product_tag?post=571"}],"curies":[{"name":"wp","href":"https:\/\/api.w.org\/{rel}","templated":true}]}}