{"id":572,"date":"2026-04-12T15:43:07","date_gmt":"2026-04-12T15:43:07","guid":{"rendered":"https:\/\/silk-pajamas.com\/22-momme-crepe-silk-nightgown-lace-trim-silver-manufacturer\/"},"modified":"2026-05-09T09:19:13","modified_gmt":"2026-05-09T09:19:13","slug":"22-momme-crepe-silk-nightgown-lace-trim-silver-manufacturer","status":"publish","type":"product","link":"https:\/\/silk-pajamas.com\/es\/22-momme-crepe-silk-nightgown-lace-trim-silver-manufacturer\/","title":{"rendered":"22 Momme Camis\u00f3n Crepe Seda Encaje Plata Fabricante"},"content":{"rendered":"<p>Este camis\u00f3n estilo slip est\u00e1 confeccionado en crep\u00e9 de seda 22 momme en tono plateado. Presenta adornos de encaje, una suave sensaci\u00f3n al tacto y una c\u00f3moda ca\u00edda para surtidos de regalo. Admite tallas personalizadas y es ideal para llevar en cualquier \u00e9poca del a\u00f1o, como regalo o para el d\u00eda a d\u00eda. Lavar a mano en fr\u00edo o en ciclo delicado.<\/p>","protected":false},"excerpt":{"rendered":"<p>Camis\u00f3n estilo slip de seda Momme Crepe 22 en color Plata. Acabado de encaje, tacto suave y variedad de tallas personalizada. Dise\u00f1ado para surtidos de regalo.<\/p>","protected":false},"featured_media":2481,"template":"","meta":{"_gspb_post_css":""},"product_brand":[],"product_cat":[21],"product_tag":[134,135,136],"class_list":{"0":"post-572","1":"product","2":"type-product","3":"status-publish","4":"has-post-thumbnail","6":"product_cat-silk-nightgowns","7":"product_tag-22-momme-silk-nightgown-silver","8":"product_tag-crepe-silk-nightgown-lace-trim","9":"product_tag-vendor-silk-nightgown-for-gift-assortments","11":"first","12":"instock","13":"shipping-taxable","14":"purchasable","15":"product-type-simple"},"_links":{"self":[{"href":"https:\/\/silk-pajamas.com\/es\/wp-json\/wp\/v2\/product\/572","targetHints":{"allow":["GET"]}}],"collection":[{"href":"https:\/\/silk-pajamas.com\/es\/wp-json\/wp\/v2\/product"}],"about":[{"href":"https:\/\/silk-pajamas.com\/es\/wp-json\/wp\/v2\/types\/product"}],"wp:featuredmedia":[{"embeddable":true,"href":"https:\/\/silk-pajamas.com\/es\/wp-json\/wp\/v2\/media\/2481"}],"wp:attachment":[{"href":"https:\/\/silk-pajamas.com\/es\/wp-json\/wp\/v2\/media?parent=572"}],"wp:term":[{"taxonomy":"product_brand","embeddable":true,"href":"https:\/\/silk-pajamas.com\/es\/wp-json\/wp\/v2\/product_brand?post=572"},{"taxonomy":"product_cat","embeddable":true,"href":"https:\/\/silk-pajamas.com\/es\/wp-json\/wp\/v2\/product_cat?post=572"},{"taxonomy":"product_tag","embeddable":true,"href":"https:\/\/silk-pajamas.com\/es\/wp-json\/wp\/v2\/product_tag?post=572"}],"curies":[{"name":"wp","href":"https:\/\/api.w.org\/{rel}","templated":true}]}}