{"id":575,"date":"2026-04-12T15:43:07","date_gmt":"2026-04-12T15:43:07","guid":{"rendered":"https:\/\/silk-pajamas.com\/16-momme-crepe-silk-nightgown-adjustable-strap-champagne\/"},"modified":"2026-05-09T09:25:02","modified_gmt":"2026-05-09T09:25:02","slug":"16-momme-crepe-silk-nightgown-adjustable-strap-champagne","status":"publish","type":"product","link":"https:\/\/silk-pajamas.com\/es\/16-momme-crepe-silk-nightgown-adjustable-strap-champagne\/","title":{"rendered":"16 Momme Camis\u00f3n de seda crep\u00e9 Correa ajustable Champagne"},"content":{"rendered":"<p>Confeccionado en crep\u00e9 de seda 16 momme, este camis\u00f3n estilo slip combina el detalle de tirantes ajustables con un brillo suave y un tacto transpirable. El acabado champ\u00e1n le confiere un aspecto refinado, mientras que las tallas XL, XXL, 3XL, 4XL ayudan a cubrir la demanda b\u00e1sica. Adecuada para prendas premam\u00e1 y armarios de oto\u00f1o. Lavar a mano en fr\u00edo o en ciclo delicado.<\/p>","protected":false},"excerpt":{"rendered":"<p>Camis\u00f3n de seda estilo slip 16 Momme Crepe en color champ\u00e1n. Acabado con tiras ajustables, tacto resistente a las arrugas y tallas XL, XXL, 3XL, 4XL. Dise\u00f1ado para la maternidad.<\/p>","protected":false},"featured_media":2492,"template":"","meta":{"_gspb_post_css":""},"product_brand":[],"product_cat":[21],"product_tag":[141,142,143],"class_list":{"0":"post-575","1":"product","2":"type-product","3":"status-publish","4":"has-post-thumbnail","6":"product_cat-silk-nightgowns","7":"product_tag-16-momme-silk-nightgown-champagne","8":"product_tag-crepe-silk-nightgown-adjustable-strap","9":"product_tag-factory-silk-nightgown-for-maternity-friendly-wear","11":"first","12":"instock","13":"shipping-taxable","14":"purchasable","15":"product-type-simple"},"_links":{"self":[{"href":"https:\/\/silk-pajamas.com\/es\/wp-json\/wp\/v2\/product\/575","targetHints":{"allow":["GET"]}}],"collection":[{"href":"https:\/\/silk-pajamas.com\/es\/wp-json\/wp\/v2\/product"}],"about":[{"href":"https:\/\/silk-pajamas.com\/es\/wp-json\/wp\/v2\/types\/product"}],"wp:featuredmedia":[{"embeddable":true,"href":"https:\/\/silk-pajamas.com\/es\/wp-json\/wp\/v2\/media\/2492"}],"wp:attachment":[{"href":"https:\/\/silk-pajamas.com\/es\/wp-json\/wp\/v2\/media?parent=575"}],"wp:term":[{"taxonomy":"product_brand","embeddable":true,"href":"https:\/\/silk-pajamas.com\/es\/wp-json\/wp\/v2\/product_brand?post=575"},{"taxonomy":"product_cat","embeddable":true,"href":"https:\/\/silk-pajamas.com\/es\/wp-json\/wp\/v2\/product_cat?post=575"},{"taxonomy":"product_tag","embeddable":true,"href":"https:\/\/silk-pajamas.com\/es\/wp-json\/wp\/v2\/product_tag?post=575"}],"curies":[{"name":"wp","href":"https:\/\/api.w.org\/{rel}","templated":true}]}}