{"id":585,"date":"2026-04-12T15:43:08","date_gmt":"2026-04-12T15:43:08","guid":{"rendered":"https:\/\/silk-pajamas.com\/25-momme-charmeuse-silk-nightgown-adjustable-strap-silver\/"},"modified":"2026-05-09T08:56:57","modified_gmt":"2026-05-09T08:56:57","slug":"25-momme-charmeuse-silk-nightgown-adjustable-strap-silver","status":"publish","type":"product","link":"https:\/\/silk-pajamas.com\/es\/25-momme-charmeuse-silk-nightgown-adjustable-strap-silver\/","title":{"rendered":"25 Momme Camis\u00f3n de Seda Charmeuse Correa Ajustable Plata"},"content":{"rendered":"<p>Confeccionado en seda charmeuse 25 momme, este camis\u00f3n de estilo slip ofrece un tacto suave, una agradable sensaci\u00f3n en la piel y un movimiento elegante. La construcci\u00f3n de tirantes ajustables y el color plateado mantienen el aspecto pulido para la mujer. Disponible en XS, S, M, L, XL. Lavar a mano en fr\u00edo o en ciclo suave.<\/p>","protected":false},"excerpt":{"rendered":"<p>25 camis\u00f3n de seda Momme Charmeuse estilo slip en color plata. Acabado con tirantes ajustables, tacto suave y tallas XS, S, M, L, XL. Dise\u00f1ado para mujeres.<\/p>","protected":false},"featured_media":2454,"template":"","meta":{"_gspb_post_css":""},"product_brand":[],"product_cat":[21],"product_tag":[166,167,152],"class_list":{"0":"post-585","1":"product","2":"type-product","3":"status-publish","4":"has-post-thumbnail","6":"product_cat-silk-nightgowns","7":"product_tag-25-momme-silk-nightgown-silver","8":"product_tag-charmeuse-silk-nightgown-adjustable-strap","9":"product_tag-manufacturer-silk-nightgown-for-women","11":"first","12":"instock","13":"shipping-taxable","14":"purchasable","15":"product-type-simple"},"_links":{"self":[{"href":"https:\/\/silk-pajamas.com\/es\/wp-json\/wp\/v2\/product\/585","targetHints":{"allow":["GET"]}}],"collection":[{"href":"https:\/\/silk-pajamas.com\/es\/wp-json\/wp\/v2\/product"}],"about":[{"href":"https:\/\/silk-pajamas.com\/es\/wp-json\/wp\/v2\/types\/product"}],"wp:featuredmedia":[{"embeddable":true,"href":"https:\/\/silk-pajamas.com\/es\/wp-json\/wp\/v2\/media\/2454"}],"wp:attachment":[{"href":"https:\/\/silk-pajamas.com\/es\/wp-json\/wp\/v2\/media?parent=585"}],"wp:term":[{"taxonomy":"product_brand","embeddable":true,"href":"https:\/\/silk-pajamas.com\/es\/wp-json\/wp\/v2\/product_brand?post=585"},{"taxonomy":"product_cat","embeddable":true,"href":"https:\/\/silk-pajamas.com\/es\/wp-json\/wp\/v2\/product_cat?post=585"},{"taxonomy":"product_tag","embeddable":true,"href":"https:\/\/silk-pajamas.com\/es\/wp-json\/wp\/v2\/product_tag?post=585"}],"curies":[{"name":"wp","href":"https:\/\/api.w.org\/{rel}","templated":true}]}}