{"id":586,"date":"2026-04-12T15:43:08","date_gmt":"2026-04-12T15:43:08","guid":{"rendered":"https:\/\/silk-pajamas.com\/25-momme-mulberry-silk-nightgown-cowl-neck-blush-wholesale\/"},"modified":"2026-05-09T09:02:11","modified_gmt":"2026-05-09T09:02:11","slug":"25-momme-mulberry-silk-nightgown-cowl-neck-blush-wholesale","status":"publish","type":"product","link":"https:\/\/silk-pajamas.com\/es\/25-momme-mulberry-silk-nightgown-cowl-neck-blush-wholesale\/","title":{"rendered":"25 Momme Mulberry Camis\u00f3n de Seda Cuello Vaca Blush Venta al por mayor"},"content":{"rendered":"<p>Este camis\u00f3n estilo slip est\u00e1 confeccionado en seda de morera de 25 micras en tono rubor. Presenta cuello redondo, tacto suave y ca\u00edda c\u00f3moda para armarios de novia. Este modelo es compatible con las tallas XS, S, M, L y XL y es ideal para la primavera, para regalar o para el d\u00eda a d\u00eda. Lavar a mano en fr\u00edo o en ciclo delicado.<\/p>","protected":false},"excerpt":{"rendered":"<p>25 camis\u00f3n de seda estilo slip Momme Mulberry en Blush. Cuello redondo, tacto suave y tallas XS, S, M, L, XL. Dise\u00f1ado para armarios de novia.<\/p>","protected":false},"featured_media":2458,"template":"","meta":{"_gspb_post_css":""},"product_brand":[],"product_cat":[21],"product_tag":[168,169,170],"class_list":{"0":"post-586","1":"product","2":"type-product","3":"status-publish","4":"has-post-thumbnail","6":"product_cat-silk-nightgowns","7":"product_tag-25-momme-silk-nightgown-blush","8":"product_tag-mulberry-silk-nightgown-cowl-neck","9":"product_tag-wholesale-silk-nightgown-for-bridal-wardrobes","11":"first","12":"instock","13":"featured","14":"shipping-taxable","15":"purchasable","16":"product-type-simple"},"_links":{"self":[{"href":"https:\/\/silk-pajamas.com\/es\/wp-json\/wp\/v2\/product\/586","targetHints":{"allow":["GET"]}}],"collection":[{"href":"https:\/\/silk-pajamas.com\/es\/wp-json\/wp\/v2\/product"}],"about":[{"href":"https:\/\/silk-pajamas.com\/es\/wp-json\/wp\/v2\/types\/product"}],"wp:featuredmedia":[{"embeddable":true,"href":"https:\/\/silk-pajamas.com\/es\/wp-json\/wp\/v2\/media\/2458"}],"wp:attachment":[{"href":"https:\/\/silk-pajamas.com\/es\/wp-json\/wp\/v2\/media?parent=586"}],"wp:term":[{"taxonomy":"product_brand","embeddable":true,"href":"https:\/\/silk-pajamas.com\/es\/wp-json\/wp\/v2\/product_brand?post=586"},{"taxonomy":"product_cat","embeddable":true,"href":"https:\/\/silk-pajamas.com\/es\/wp-json\/wp\/v2\/product_cat?post=586"},{"taxonomy":"product_tag","embeddable":true,"href":"https:\/\/silk-pajamas.com\/es\/wp-json\/wp\/v2\/product_tag?post=586"}],"curies":[{"name":"wp","href":"https:\/\/api.w.org\/{rel}","templated":true}]}}