{"id":587,"date":"2026-04-12T15:43:08","date_gmt":"2026-04-12T15:43:08","guid":{"rendered":"https:\/\/silk-pajamas.com\/25-momme-charmeuse-silk-nightgown-midi-silver-manufacturer\/"},"modified":"2026-05-09T09:02:38","modified_gmt":"2026-05-09T09:02:38","slug":"25-momme-charmeuse-silk-nightgown-midi-silver-manufacturer","status":"publish","type":"product","link":"https:\/\/silk-pajamas.com\/es\/25-momme-charmeuse-silk-nightgown-midi-silver-manufacturer\/","title":{"rendered":"25 Momme Charmeuse Camis\u00f3n de Seda Midi Plata Fabricante"},"content":{"rendered":"<p>Este camis\u00f3n estilo slip est\u00e1 confeccionado en seda charmeuse 25 momme en tono plateado. Es de corte midi, tiene un tacto suave y una ca\u00edda c\u00f3moda para la maternidad. Este modelo es compatible con las tallas XL, XXL, 3XL y 4XL y es ideal para el verano, para regalar o para el d\u00eda a d\u00eda. Lavar a mano en fr\u00edo o en ciclo delicado.<\/p>","protected":false},"excerpt":{"rendered":"<p>25 Camis\u00f3n de seda Momme Charmeuse en color plata. Acabado midi, tacto transpirable y tallas XL, XXL, 3XL, 4XL. Dise\u00f1ado para la maternidad.<\/p>","protected":false},"featured_media":2451,"template":"","meta":{"_gspb_post_css":""},"product_brand":[],"product_cat":[21],"product_tag":[166,151,149],"class_list":{"0":"post-587","1":"product","2":"type-product","3":"status-publish","4":"has-post-thumbnail","6":"product_cat-silk-nightgowns","7":"product_tag-25-momme-silk-nightgown-silver","8":"product_tag-charmeuse-silk-nightgown-midi","9":"product_tag-supplier-silk-nightgown-for-maternity-friendly-wear","11":"first","12":"instock","13":"shipping-taxable","14":"purchasable","15":"product-type-simple"},"_links":{"self":[{"href":"https:\/\/silk-pajamas.com\/es\/wp-json\/wp\/v2\/product\/587","targetHints":{"allow":["GET"]}}],"collection":[{"href":"https:\/\/silk-pajamas.com\/es\/wp-json\/wp\/v2\/product"}],"about":[{"href":"https:\/\/silk-pajamas.com\/es\/wp-json\/wp\/v2\/types\/product"}],"wp:featuredmedia":[{"embeddable":true,"href":"https:\/\/silk-pajamas.com\/es\/wp-json\/wp\/v2\/media\/2451"}],"wp:attachment":[{"href":"https:\/\/silk-pajamas.com\/es\/wp-json\/wp\/v2\/media?parent=587"}],"wp:term":[{"taxonomy":"product_brand","embeddable":true,"href":"https:\/\/silk-pajamas.com\/es\/wp-json\/wp\/v2\/product_brand?post=587"},{"taxonomy":"product_cat","embeddable":true,"href":"https:\/\/silk-pajamas.com\/es\/wp-json\/wp\/v2\/product_cat?post=587"},{"taxonomy":"product_tag","embeddable":true,"href":"https:\/\/silk-pajamas.com\/es\/wp-json\/wp\/v2\/product_tag?post=587"}],"curies":[{"name":"wp","href":"https:\/\/api.w.org\/{rel}","templated":true}]}}