{"id":589,"date":"2026-04-12T15:43:08","date_gmt":"2026-04-12T15:43:08","guid":{"rendered":"https:\/\/silk-pajamas.com\/16-momme-charmeuse-silk-nightgown-midi-pearl-wholesale\/"},"modified":"2026-05-09T09:07:13","modified_gmt":"2026-05-09T09:07:13","slug":"16-momme-charmeuse-silk-nightgown-midi-pearl-wholesale","status":"publish","type":"product","link":"https:\/\/silk-pajamas.com\/es\/16-momme-charmeuse-silk-nightgown-midi-pearl-wholesale\/","title":{"rendered":"16 Momme Charmeuse Camis\u00f3n de Seda Midi Perla al por mayor"},"content":{"rendered":"<p>Este camis\u00f3n estilo slip est\u00e1 confeccionado en seda charmeuse 16 momme en tono perla. Es de corte midi, suave al tacto y c\u00f3modo para la mujer. Admite las tallas S, M, L, XL y XXL y es ideal para la primavera, para regalar o para el d\u00eda a d\u00eda. Lavar a mano en fr\u00edo o en ciclo delicado.<\/p>","protected":false},"excerpt":{"rendered":"<p>Camis\u00f3n de seda Momme Charmeuse 16 en color perla. Acabado midi, tacto ligero y tallas S, M, L, XL, XXL. Dise\u00f1ado para la mujer.<\/p>","protected":false},"featured_media":2467,"template":"","meta":{"_gspb_post_css":""},"product_brand":[],"product_cat":[21],"product_tag":[172,151,139],"class_list":{"0":"post-589","1":"product","2":"type-product","3":"status-publish","4":"has-post-thumbnail","6":"product_cat-silk-nightgowns","7":"product_tag-16-momme-silk-nightgown-pearl","8":"product_tag-charmeuse-silk-nightgown-midi","9":"product_tag-factory-silk-nightgown-for-women","11":"first","12":"instock","13":"shipping-taxable","14":"purchasable","15":"product-type-simple"},"_links":{"self":[{"href":"https:\/\/silk-pajamas.com\/es\/wp-json\/wp\/v2\/product\/589","targetHints":{"allow":["GET"]}}],"collection":[{"href":"https:\/\/silk-pajamas.com\/es\/wp-json\/wp\/v2\/product"}],"about":[{"href":"https:\/\/silk-pajamas.com\/es\/wp-json\/wp\/v2\/types\/product"}],"wp:featuredmedia":[{"embeddable":true,"href":"https:\/\/silk-pajamas.com\/es\/wp-json\/wp\/v2\/media\/2467"}],"wp:attachment":[{"href":"https:\/\/silk-pajamas.com\/es\/wp-json\/wp\/v2\/media?parent=589"}],"wp:term":[{"taxonomy":"product_brand","embeddable":true,"href":"https:\/\/silk-pajamas.com\/es\/wp-json\/wp\/v2\/product_brand?post=589"},{"taxonomy":"product_cat","embeddable":true,"href":"https:\/\/silk-pajamas.com\/es\/wp-json\/wp\/v2\/product_cat?post=589"},{"taxonomy":"product_tag","embeddable":true,"href":"https:\/\/silk-pajamas.com\/es\/wp-json\/wp\/v2\/product_tag?post=589"}],"curies":[{"name":"wp","href":"https:\/\/api.w.org\/{rel}","templated":true}]}}