{"id":591,"date":"2026-04-12T15:43:08","date_gmt":"2026-04-12T15:43:08","guid":{"rendered":"https:\/\/silk-pajamas.com\/16-momme-mulberry-silk-slip-nightgown-plus-size-coffee\/"},"modified":"2026-05-09T09:08:59","modified_gmt":"2026-05-09T09:08:59","slug":"16-momme-mulberry-silk-slip-nightgown-plus-size-coffee","status":"publish","type":"product","link":"https:\/\/silk-pajamas.com\/es\/16-momme-mulberry-silk-slip-nightgown-plus-size-coffee\/","title":{"rendered":"16 Momme Mulberry Camis\u00f3n de Seda Plus Size Caf\u00e9"},"content":{"rendered":"<p>Confeccionado en seda de morera de 16 momme, este camis\u00f3n estilo slip combina el detalle de tirantes ajustables con un brillo suave y un tacto transpirable. El acabado caf\u00e9 le confiere un aspecto refinado, mientras que las tallas XL, XXL, 3XL, 4XL ayudan a cubrir la demanda b\u00e1sica. Adecuada para la maternidad y para armarios de todas las temporadas. Lavar a mano en fr\u00edo o en ciclo delicado.<\/p>","protected":false},"excerpt":{"rendered":"<p>Camis\u00f3n de seda estilo slip 16 Momme Mulberry en color Caf\u00e9. Acabado con tirantes ajustables, tacto termorregulador y tallas XL, XXL, 3XL, 4XL. Dise\u00f1ado para la maternidad.<\/p>","protected":false},"featured_media":2460,"template":"","meta":{"_gspb_post_css":""},"product_brand":[],"product_cat":[21],"product_tag":[176,143,132],"class_list":{"0":"post-591","1":"product","2":"type-product","3":"status-publish","4":"has-post-thumbnail","6":"product_cat-silk-nightgowns","7":"product_tag-16-momme-silk-nightgown-coffee","8":"product_tag-factory-silk-nightgown-for-maternity-friendly-wear","9":"product_tag-mulberry-silk-nightgown-adjustable-strap","11":"first","12":"instock","13":"featured","14":"shipping-taxable","15":"purchasable","16":"product-type-simple"},"_links":{"self":[{"href":"https:\/\/silk-pajamas.com\/es\/wp-json\/wp\/v2\/product\/591","targetHints":{"allow":["GET"]}}],"collection":[{"href":"https:\/\/silk-pajamas.com\/es\/wp-json\/wp\/v2\/product"}],"about":[{"href":"https:\/\/silk-pajamas.com\/es\/wp-json\/wp\/v2\/types\/product"}],"wp:featuredmedia":[{"embeddable":true,"href":"https:\/\/silk-pajamas.com\/es\/wp-json\/wp\/v2\/media\/2460"}],"wp:attachment":[{"href":"https:\/\/silk-pajamas.com\/es\/wp-json\/wp\/v2\/media?parent=591"}],"wp:term":[{"taxonomy":"product_brand","embeddable":true,"href":"https:\/\/silk-pajamas.com\/es\/wp-json\/wp\/v2\/product_brand?post=591"},{"taxonomy":"product_cat","embeddable":true,"href":"https:\/\/silk-pajamas.com\/es\/wp-json\/wp\/v2\/product_cat?post=591"},{"taxonomy":"product_tag","embeddable":true,"href":"https:\/\/silk-pajamas.com\/es\/wp-json\/wp\/v2\/product_tag?post=591"}],"curies":[{"name":"wp","href":"https:\/\/api.w.org\/{rel}","templated":true}]}}