{"id":594,"date":"2026-04-12T15:43:09","date_gmt":"2026-04-12T15:43:09","guid":{"rendered":"https:\/\/silk-pajamas.com\/22-momme-crepe-silk-pajamas-pocketed-leopard-supplier\/"},"modified":"2026-05-09T08:40:35","modified_gmt":"2026-05-09T08:40:35","slug":"22-momme-crepe-silk-pajamas-pocketed-leopard-supplier","status":"publish","type":"product","link":"https:\/\/silk-pajamas.com\/es\/22-momme-crepe-silk-pajamas-pocketed-leopard-supplier\/","title":{"rendered":"22 Pijama Momme Crepe Seda Bolsillos Leopardo Proveedor"},"content":{"rendered":"<p>Confeccionado en crep\u00e9 de seda 22 momme, este cl\u00e1sico conjunto de pijama ofrece ligereza, un tacto suave en la piel y un movimiento elegante. La construcci\u00f3n con bolsillos y el color leopardo mantienen el look refinado para la mujer. Disponible en S, M, L y XL. Lavar a mano en fr\u00edo o en ciclo delicado.<\/p>","protected":false},"excerpt":{"rendered":"<p>22 Conjunto de pijama cl\u00e1sico Momme Crepe de seda en leopardo. Acabado con bolsillos, tacto ligero y tallas S, M, L, XL. Dise\u00f1ado para la mujer.<\/p>","protected":false},"featured_media":2442,"template":"","meta":{"_gspb_post_css":""},"product_brand":[],"product_cat":[20],"product_tag":[182,183,184],"class_list":{"0":"post-594","1":"product","2":"type-product","3":"status-publish","4":"has-post-thumbnail","6":"product_cat-silk-pajamas","7":"product_tag-22-momme-silk-pajamas-leopard","8":"product_tag-crepe-silk-pajamas-pocketed","9":"product_tag-manufacturer-silk-pajamas-for-women","11":"first","12":"instock","13":"shipping-taxable","14":"purchasable","15":"product-type-simple"},"_links":{"self":[{"href":"https:\/\/silk-pajamas.com\/es\/wp-json\/wp\/v2\/product\/594","targetHints":{"allow":["GET"]}}],"collection":[{"href":"https:\/\/silk-pajamas.com\/es\/wp-json\/wp\/v2\/product"}],"about":[{"href":"https:\/\/silk-pajamas.com\/es\/wp-json\/wp\/v2\/types\/product"}],"wp:featuredmedia":[{"embeddable":true,"href":"https:\/\/silk-pajamas.com\/es\/wp-json\/wp\/v2\/media\/2442"}],"wp:attachment":[{"href":"https:\/\/silk-pajamas.com\/es\/wp-json\/wp\/v2\/media?parent=594"}],"wp:term":[{"taxonomy":"product_brand","embeddable":true,"href":"https:\/\/silk-pajamas.com\/es\/wp-json\/wp\/v2\/product_brand?post=594"},{"taxonomy":"product_cat","embeddable":true,"href":"https:\/\/silk-pajamas.com\/es\/wp-json\/wp\/v2\/product_cat?post=594"},{"taxonomy":"product_tag","embeddable":true,"href":"https:\/\/silk-pajamas.com\/es\/wp-json\/wp\/v2\/product_tag?post=594"}],"curies":[{"name":"wp","href":"https:\/\/api.w.org\/{rel}","templated":true}]}}