{"id":595,"date":"2026-04-12T15:43:09","date_gmt":"2026-04-12T15:43:09","guid":{"rendered":"https:\/\/silk-pajamas.com\/22-momme-crepe-silk-pajamas-short-sleeve-navy-wholesale\/"},"modified":"2026-05-09T08:41:37","modified_gmt":"2026-05-09T08:41:37","slug":"22-momme-crepe-silk-pajamas-short-sleeve-navy-wholesale","status":"publish","type":"product","link":"https:\/\/silk-pajamas.com\/es\/22-momme-crepe-silk-pajamas-short-sleeve-navy-wholesale\/","title":{"rendered":"22 Momme Crepe Pijama de Seda de Manga Corta Azul Marino al por mayor"},"content":{"rendered":"<p>Este cl\u00e1sico conjunto de pijama est\u00e1 confeccionado en crep\u00e9 de seda 22 momme en tono azul marino. Presenta manga corta, tacto suave y ca\u00edda c\u00f3moda para surtidos de regalo. Admite las tallas XS, S, M, L, XL y XXL y es ideal para vestir en oto\u00f1o, para regalar y para el confort diario. Lavar a mano en fr\u00edo o en ciclo delicado.<\/p>","protected":false},"excerpt":{"rendered":"<p>22 Conjunto de pijama cl\u00e1sico Momme Crepe de seda en color azul marino. Acabado de manga corta, tacto termorregulador y tallas XS, S, M, L, XL, XXL. Dise\u00f1ado para surtidos de regalo.<\/p>","protected":false},"featured_media":2418,"template":"","meta":{"_gspb_post_css":""},"product_brand":[],"product_cat":[20],"product_tag":[185,186,187],"class_list":{"0":"post-595","1":"product","2":"type-product","3":"status-publish","4":"has-post-thumbnail","6":"product_cat-silk-pajamas","7":"product_tag-22-momme-silk-pajamas-navy","8":"product_tag-crepe-silk-pajamas-short-sleeve","9":"product_tag-manufacturer-silk-pajamas-for-gift-assortments","11":"first","12":"instock","13":"shipping-taxable","14":"purchasable","15":"product-type-simple"},"_links":{"self":[{"href":"https:\/\/silk-pajamas.com\/es\/wp-json\/wp\/v2\/product\/595","targetHints":{"allow":["GET"]}}],"collection":[{"href":"https:\/\/silk-pajamas.com\/es\/wp-json\/wp\/v2\/product"}],"about":[{"href":"https:\/\/silk-pajamas.com\/es\/wp-json\/wp\/v2\/types\/product"}],"wp:featuredmedia":[{"embeddable":true,"href":"https:\/\/silk-pajamas.com\/es\/wp-json\/wp\/v2\/media\/2418"}],"wp:attachment":[{"href":"https:\/\/silk-pajamas.com\/es\/wp-json\/wp\/v2\/media?parent=595"}],"wp:term":[{"taxonomy":"product_brand","embeddable":true,"href":"https:\/\/silk-pajamas.com\/es\/wp-json\/wp\/v2\/product_brand?post=595"},{"taxonomy":"product_cat","embeddable":true,"href":"https:\/\/silk-pajamas.com\/es\/wp-json\/wp\/v2\/product_cat?post=595"},{"taxonomy":"product_tag","embeddable":true,"href":"https:\/\/silk-pajamas.com\/es\/wp-json\/wp\/v2\/product_tag?post=595"}],"curies":[{"name":"wp","href":"https:\/\/api.w.org\/{rel}","templated":true}]}}