{"id":597,"date":"2026-04-12T15:43:09","date_gmt":"2026-04-12T15:43:09","guid":{"rendered":"https:\/\/silk-pajamas.com\/19-momme-sandwashed-silk-pajamas-piped-rose-factory\/"},"modified":"2026-05-09T08:42:42","modified_gmt":"2026-05-09T08:42:42","slug":"19-momme-sandwashed-silk-pajamas-piped-rose-factory","status":"publish","type":"product","link":"https:\/\/silk-pajamas.com\/es\/19-momme-sandwashed-silk-pajamas-piped-rose-factory\/","title":{"rendered":"19 Momme Pijama de seda con ribetes F\u00e1brica de rosas"},"content":{"rendered":"<p>Confeccionado en seda sandwashed 19 momme, este cl\u00e1sico conjunto de pijama combina detalles ribeteados con un brillo suave y un tacto transpirable. El acabado en rosa le confiere un aspecto refinado, mientras que las tallas XL, XXL, 3XL, 4XL ayudan a cubrir la demanda b\u00e1sica. Adecuado para surtidos de regalo y armarios de oto\u00f1o. Lavar a mano en fr\u00edo o en ciclo delicado.<\/p>","protected":false},"excerpt":{"rendered":"<p>19 Conjunto de pijama cl\u00e1sico de seda Momme Sandwashed en rosa. Acabado ribeteado, tacto resistente a las arrugas y tallas XL, XXL, 3XL, 4XL. Dise\u00f1ado para surtidos de regalo.<\/p>","protected":false},"featured_media":2413,"template":"","meta":{"_gspb_post_css":""},"product_brand":[],"product_cat":[20],"product_tag":[191,192,193],"class_list":{"0":"post-597","1":"product","2":"type-product","3":"status-publish","4":"has-post-thumbnail","6":"product_cat-silk-pajamas","7":"product_tag-19-momme-silk-pajamas-rose","8":"product_tag-sandwashed-silk-pajamas-piped","9":"product_tag-vendor-silk-pajamas-for-gift-assortments","11":"first","12":"instock","13":"shipping-taxable","14":"purchasable","15":"product-type-simple"},"_links":{"self":[{"href":"https:\/\/silk-pajamas.com\/es\/wp-json\/wp\/v2\/product\/597","targetHints":{"allow":["GET"]}}],"collection":[{"href":"https:\/\/silk-pajamas.com\/es\/wp-json\/wp\/v2\/product"}],"about":[{"href":"https:\/\/silk-pajamas.com\/es\/wp-json\/wp\/v2\/types\/product"}],"wp:featuredmedia":[{"embeddable":true,"href":"https:\/\/silk-pajamas.com\/es\/wp-json\/wp\/v2\/media\/2413"}],"wp:attachment":[{"href":"https:\/\/silk-pajamas.com\/es\/wp-json\/wp\/v2\/media?parent=597"}],"wp:term":[{"taxonomy":"product_brand","embeddable":true,"href":"https:\/\/silk-pajamas.com\/es\/wp-json\/wp\/v2\/product_brand?post=597"},{"taxonomy":"product_cat","embeddable":true,"href":"https:\/\/silk-pajamas.com\/es\/wp-json\/wp\/v2\/product_cat?post=597"},{"taxonomy":"product_tag","embeddable":true,"href":"https:\/\/silk-pajamas.com\/es\/wp-json\/wp\/v2\/product_tag?post=597"}],"curies":[{"name":"wp","href":"https:\/\/api.w.org\/{rel}","templated":true}]}}