{"id":599,"date":"2026-04-12T15:43:09","date_gmt":"2026-04-12T15:43:09","guid":{"rendered":"https:\/\/silk-pajamas.com\/25-momme-mulberry-silk-pajamas-long-sleeve-coffee\/"},"modified":"2026-05-09T08:51:04","modified_gmt":"2026-05-09T08:51:04","slug":"25-momme-mulberry-silk-pajamas-long-sleeve-coffee","status":"publish","type":"product","link":"https:\/\/silk-pajamas.com\/es\/25-momme-mulberry-silk-pajamas-long-sleeve-coffee\/","title":{"rendered":"25 Momme Pijama de seda de morera de manga larga Caf\u00e9"},"content":{"rendered":"<p>Este cl\u00e1sico conjunto de pijama est\u00e1 confeccionado en seda de morera de 25 momme en tono caf\u00e9. Es de manga larga, suave al tacto y c\u00f3modo para hombres y mujeres. Este modelo es compatible con las tallas XL, XXL, 3XL y 4XL y es ideal para llevar en cualquier \u00e9poca del a\u00f1o, para regalar o para el d\u00eda a d\u00eda. Lavar a mano en fr\u00edo o en ciclo delicado.<\/p>","protected":false},"excerpt":{"rendered":"<p>25 Conjunto de pijama cl\u00e1sico Momme Mulberry de seda en color Caf\u00e9. Acabado de manga larga, tacto resistente a las arrugas y tallas XL, XXL, 3XL, 4XL. Dise\u00f1ado para mujeres y hombres.<\/p>","protected":false},"featured_media":2444,"template":"","meta":{"_gspb_post_css":""},"product_brand":[],"product_cat":[20],"product_tag":[196,197,198],"class_list":{"0":"post-599","1":"product","2":"type-product","3":"status-publish","4":"has-post-thumbnail","6":"product_cat-silk-pajamas","7":"product_tag-25-momme-silk-pajamas-coffee","8":"product_tag-mulberry-silk-pajamas-long-sleeve","9":"product_tag-wholesale-silk-pajamas-for-women-and-men","11":"first","12":"instock","13":"shipping-taxable","14":"purchasable","15":"product-type-simple"},"_links":{"self":[{"href":"https:\/\/silk-pajamas.com\/es\/wp-json\/wp\/v2\/product\/599","targetHints":{"allow":["GET"]}}],"collection":[{"href":"https:\/\/silk-pajamas.com\/es\/wp-json\/wp\/v2\/product"}],"about":[{"href":"https:\/\/silk-pajamas.com\/es\/wp-json\/wp\/v2\/types\/product"}],"wp:featuredmedia":[{"embeddable":true,"href":"https:\/\/silk-pajamas.com\/es\/wp-json\/wp\/v2\/media\/2444"}],"wp:attachment":[{"href":"https:\/\/silk-pajamas.com\/es\/wp-json\/wp\/v2\/media?parent=599"}],"wp:term":[{"taxonomy":"product_brand","embeddable":true,"href":"https:\/\/silk-pajamas.com\/es\/wp-json\/wp\/v2\/product_brand?post=599"},{"taxonomy":"product_cat","embeddable":true,"href":"https:\/\/silk-pajamas.com\/es\/wp-json\/wp\/v2\/product_cat?post=599"},{"taxonomy":"product_tag","embeddable":true,"href":"https:\/\/silk-pajamas.com\/es\/wp-json\/wp\/v2\/product_tag?post=599"}],"curies":[{"name":"wp","href":"https:\/\/api.w.org\/{rel}","templated":true}]}}