{"id":604,"date":"2026-04-12T15:43:10","date_gmt":"2026-04-12T15:43:10","guid":{"rendered":"https:\/\/silk-pajamas.com\/16-momme-crepe-silk-pajamas-straight-leg-rose-factory\/"},"modified":"2026-05-09T07:59:12","modified_gmt":"2026-05-09T07:59:12","slug":"16-momme-crepe-silk-pajamas-straight-leg-rose-factory","status":"publish","type":"product","link":"https:\/\/silk-pajamas.com\/es\/16-momme-crepe-silk-pajamas-straight-leg-rose-factory\/","title":{"rendered":"16 Momme Pijama de crep\u00e9 de seda pierna recta Rosa Factory"},"content":{"rendered":"<p>Este cl\u00e1sico conjunto de pijama est\u00e1 confeccionado en crep\u00e9 de seda 16 momme en tono rosa. Presenta pierna recta, tacto suave y ca\u00edda c\u00f3moda para mujeres y hombres. Este modelo es compatible con las tallas S, M, L y XL y es ideal para la primavera, para regalar o para el d\u00eda a d\u00eda. Lavar a mano en fr\u00edo o en ciclo delicado.<\/p>","protected":false},"excerpt":{"rendered":"<p>16 Momme Crepe de seda cl\u00e1sico conjunto de pijama en Rose. Acabado Straight Leg, sensaci\u00f3n de ca\u00edda suave y tallas S, M, L, XL. Dise\u00f1ado para mujeres y hombres.<\/p>","protected":false},"featured_media":2413,"template":"","meta":{"_gspb_post_css":""},"product_brand":[],"product_cat":[20],"product_tag":[208,209,210],"class_list":{"0":"post-604","1":"product","2":"type-product","3":"status-publish","4":"has-post-thumbnail","6":"product_cat-silk-pajamas","7":"product_tag-16-momme-silk-pajamas-rose","8":"product_tag-crepe-silk-pajamas-straight-leg","9":"product_tag-factory-silk-pajamas-for-women-and-men","11":"first","12":"instock","13":"shipping-taxable","14":"purchasable","15":"product-type-simple"},"_links":{"self":[{"href":"https:\/\/silk-pajamas.com\/es\/wp-json\/wp\/v2\/product\/604","targetHints":{"allow":["GET"]}}],"collection":[{"href":"https:\/\/silk-pajamas.com\/es\/wp-json\/wp\/v2\/product"}],"about":[{"href":"https:\/\/silk-pajamas.com\/es\/wp-json\/wp\/v2\/types\/product"}],"wp:featuredmedia":[{"embeddable":true,"href":"https:\/\/silk-pajamas.com\/es\/wp-json\/wp\/v2\/media\/2413"}],"wp:attachment":[{"href":"https:\/\/silk-pajamas.com\/es\/wp-json\/wp\/v2\/media?parent=604"}],"wp:term":[{"taxonomy":"product_brand","embeddable":true,"href":"https:\/\/silk-pajamas.com\/es\/wp-json\/wp\/v2\/product_brand?post=604"},{"taxonomy":"product_cat","embeddable":true,"href":"https:\/\/silk-pajamas.com\/es\/wp-json\/wp\/v2\/product_cat?post=604"},{"taxonomy":"product_tag","embeddable":true,"href":"https:\/\/silk-pajamas.com\/es\/wp-json\/wp\/v2\/product_tag?post=604"}],"curies":[{"name":"wp","href":"https:\/\/api.w.org\/{rel}","templated":true}]}}