{"id":605,"date":"2026-04-12T15:43:10","date_gmt":"2026-04-12T15:43:10","guid":{"rendered":"https:\/\/silk-pajamas.com\/16-momme-mulberry-silk-pajamas-pocketed-ivory-wholesale\/"},"modified":"2026-05-09T08:00:29","modified_gmt":"2026-05-09T08:00:29","slug":"16-momme-mulberry-silk-pajamas-pocketed-ivory-wholesale","status":"publish","type":"product","link":"https:\/\/silk-pajamas.com\/es\/16-momme-mulberry-silk-pajamas-pocketed-ivory-wholesale\/","title":{"rendered":"16 Momme Pijama de seda de morera con bolsillos Marfil al por mayor"},"content":{"rendered":"<p>Confeccionado con seda de morera de 16 momme, este cl\u00e1sico conjunto de pijama ofrece un tacto suave, una agradable sensaci\u00f3n en la piel y un movimiento elegante. La construcci\u00f3n con bolsillos y el color marfil mantienen el aspecto pulido para las mujeres. Disponible en Custom. Lavar a mano en fr\u00edo o en ciclo delicado.<\/p>","protected":false},"excerpt":{"rendered":"<p>16 Conjunto de pijama cl\u00e1sico Momme Mulberry de seda en color marfil. Acabado con bolsillos, tacto suave y tallaje personalizado. Dise\u00f1ado para la mujer.<\/p>","protected":false},"featured_media":2414,"template":"","meta":{"_gspb_post_css":""},"product_brand":[],"product_cat":[20],"product_tag":[211,212,207],"class_list":{"0":"post-605","1":"product","2":"type-product","3":"status-publish","4":"has-post-thumbnail","6":"product_cat-silk-pajamas","7":"product_tag-16-momme-silk-pajamas-ivory","8":"product_tag-mulberry-silk-pajamas-pocketed","9":"product_tag-supplier-silk-pajamas-for-women","11":"first","12":"instock","13":"shipping-taxable","14":"purchasable","15":"product-type-simple"},"_links":{"self":[{"href":"https:\/\/silk-pajamas.com\/es\/wp-json\/wp\/v2\/product\/605","targetHints":{"allow":["GET"]}}],"collection":[{"href":"https:\/\/silk-pajamas.com\/es\/wp-json\/wp\/v2\/product"}],"about":[{"href":"https:\/\/silk-pajamas.com\/es\/wp-json\/wp\/v2\/types\/product"}],"wp:featuredmedia":[{"embeddable":true,"href":"https:\/\/silk-pajamas.com\/es\/wp-json\/wp\/v2\/media\/2414"}],"wp:attachment":[{"href":"https:\/\/silk-pajamas.com\/es\/wp-json\/wp\/v2\/media?parent=605"}],"wp:term":[{"taxonomy":"product_brand","embeddable":true,"href":"https:\/\/silk-pajamas.com\/es\/wp-json\/wp\/v2\/product_brand?post=605"},{"taxonomy":"product_cat","embeddable":true,"href":"https:\/\/silk-pajamas.com\/es\/wp-json\/wp\/v2\/product_cat?post=605"},{"taxonomy":"product_tag","embeddable":true,"href":"https:\/\/silk-pajamas.com\/es\/wp-json\/wp\/v2\/product_tag?post=605"}],"curies":[{"name":"wp","href":"https:\/\/api.w.org\/{rel}","templated":true}]}}