{"id":607,"date":"2026-04-12T15:43:10","date_gmt":"2026-04-12T15:43:10","guid":{"rendered":"https:\/\/silk-pajamas.com\/22-momme-mulberry-silk-pajamas-pocketed-pearl\/"},"modified":"2026-05-09T08:03:44","modified_gmt":"2026-05-09T08:03:44","slug":"22-momme-mulberry-silk-pajamas-pocketed-pearl","status":"publish","type":"product","link":"https:\/\/silk-pajamas.com\/es\/22-momme-mulberry-silk-pajamas-pocketed-pearl\/","title":{"rendered":"22 Momme Pijama de seda de morera con bolsillos de perlas"},"content":{"rendered":"<p>Confeccionado en seda de morera 22 momme, este cl\u00e1sico conjunto de pijama combina el detalle de los bolsillos con un brillo suave y un tacto transpirable. El acabado perlado le confiere un aspecto refinado, mientras que las tallas XL, XXL, 3XL, 4XL ayudan a cubrir la demanda b\u00e1sica. Adecuado para surtidos de regalo y armarios de primavera. Lavar a mano en fr\u00edo o en ciclo delicado.<\/p>","protected":false},"excerpt":{"rendered":"<p>22 Conjunto de pijama cl\u00e1sico Momme Mulberry de seda en color perla. Acabado con bolsillos, tacto de ca\u00edda suave y tallas XL, XXL, 3XL, 4XL. Dise\u00f1ado para surtidos de regalo.<\/p>","protected":false},"featured_media":2414,"template":"","meta":{"_gspb_post_css":""},"product_brand":[],"product_cat":[20],"product_tag":[216,212,193],"class_list":{"0":"post-607","1":"product","2":"type-product","3":"status-publish","4":"has-post-thumbnail","6":"product_cat-silk-pajamas","7":"product_tag-22-momme-silk-pajamas-pearl","8":"product_tag-mulberry-silk-pajamas-pocketed","9":"product_tag-vendor-silk-pajamas-for-gift-assortments","11":"first","12":"instock","13":"shipping-taxable","14":"purchasable","15":"product-type-simple"},"_links":{"self":[{"href":"https:\/\/silk-pajamas.com\/es\/wp-json\/wp\/v2\/product\/607","targetHints":{"allow":["GET"]}}],"collection":[{"href":"https:\/\/silk-pajamas.com\/es\/wp-json\/wp\/v2\/product"}],"about":[{"href":"https:\/\/silk-pajamas.com\/es\/wp-json\/wp\/v2\/types\/product"}],"wp:featuredmedia":[{"embeddable":true,"href":"https:\/\/silk-pajamas.com\/es\/wp-json\/wp\/v2\/media\/2414"}],"wp:attachment":[{"href":"https:\/\/silk-pajamas.com\/es\/wp-json\/wp\/v2\/media?parent=607"}],"wp:term":[{"taxonomy":"product_brand","embeddable":true,"href":"https:\/\/silk-pajamas.com\/es\/wp-json\/wp\/v2\/product_brand?post=607"},{"taxonomy":"product_cat","embeddable":true,"href":"https:\/\/silk-pajamas.com\/es\/wp-json\/wp\/v2\/product_cat?post=607"},{"taxonomy":"product_tag","embeddable":true,"href":"https:\/\/silk-pajamas.com\/es\/wp-json\/wp\/v2\/product_tag?post=607"}],"curies":[{"name":"wp","href":"https:\/\/api.w.org\/{rel}","templated":true}]}}