{"id":608,"date":"2026-04-12T15:43:10","date_gmt":"2026-04-12T15:43:10","guid":{"rendered":"https:\/\/silk-pajamas.com\/19-momme-crepe-silk-pajama-set-pocketed-lilac\/"},"modified":"2026-05-09T08:04:02","modified_gmt":"2026-05-09T08:04:02","slug":"19-momme-crepe-silk-pajama-set-pocketed-lilac","status":"publish","type":"product","link":"https:\/\/silk-pajamas.com\/es\/19-momme-crepe-silk-pajama-set-pocketed-lilac\/","title":{"rendered":"19 Momme Crepe Seda Pijama Conjunto Bolsillo Lila"},"content":{"rendered":"<p>Este cl\u00e1sico conjunto de pijama est\u00e1 confeccionado en crep\u00e9 de seda 19 momme en tono lila. Presenta bolsillos, un tacto suave y una ca\u00edda c\u00f3moda para la mujer. Este modelo es compatible con las tallas S, M, L y XL y es ideal para llevar en cualquier \u00e9poca del a\u00f1o, para regalar o para el d\u00eda a d\u00eda. Lavar a mano en fr\u00edo o en ciclo delicado.<\/p>","protected":false},"excerpt":{"rendered":"<p>19 Conjunto de pijama cl\u00e1sico Momme Crepe de seda en color lila. Acabado con bolsillos, tacto resistente a las arrugas y tallas S, M, L, XL. Dise\u00f1ado para la mujer.<\/p>","protected":false},"featured_media":2407,"template":"","meta":{"_gspb_post_css":""},"product_brand":[],"product_cat":[20],"product_tag":[217,183,184],"class_list":{"0":"post-608","1":"product","2":"type-product","3":"status-publish","4":"has-post-thumbnail","6":"product_cat-silk-pajamas","7":"product_tag-19-momme-silk-pajamas-lilac","8":"product_tag-crepe-silk-pajamas-pocketed","9":"product_tag-manufacturer-silk-pajamas-for-women","11":"first","12":"instock","13":"featured","14":"shipping-taxable","15":"purchasable","16":"product-type-simple"},"_links":{"self":[{"href":"https:\/\/silk-pajamas.com\/es\/wp-json\/wp\/v2\/product\/608","targetHints":{"allow":["GET"]}}],"collection":[{"href":"https:\/\/silk-pajamas.com\/es\/wp-json\/wp\/v2\/product"}],"about":[{"href":"https:\/\/silk-pajamas.com\/es\/wp-json\/wp\/v2\/types\/product"}],"wp:featuredmedia":[{"embeddable":true,"href":"https:\/\/silk-pajamas.com\/es\/wp-json\/wp\/v2\/media\/2407"}],"wp:attachment":[{"href":"https:\/\/silk-pajamas.com\/es\/wp-json\/wp\/v2\/media?parent=608"}],"wp:term":[{"taxonomy":"product_brand","embeddable":true,"href":"https:\/\/silk-pajamas.com\/es\/wp-json\/wp\/v2\/product_brand?post=608"},{"taxonomy":"product_cat","embeddable":true,"href":"https:\/\/silk-pajamas.com\/es\/wp-json\/wp\/v2\/product_cat?post=608"},{"taxonomy":"product_tag","embeddable":true,"href":"https:\/\/silk-pajamas.com\/es\/wp-json\/wp\/v2\/product_tag?post=608"}],"curies":[{"name":"wp","href":"https:\/\/api.w.org\/{rel}","templated":true}]}}