{"id":609,"date":"2026-04-12T15:43:10","date_gmt":"2026-04-12T15:43:10","guid":{"rendered":"https:\/\/silk-pajamas.com\/22-momme-sandwashed-silk-pajama-set-contrast-trim-navy\/"},"modified":"2026-05-09T08:06:32","modified_gmt":"2026-05-09T08:06:32","slug":"22-momme-sandwashed-silk-pajama-set-contrast-trim-navy","status":"publish","type":"product","link":"https:\/\/silk-pajamas.com\/es\/22-momme-sandwashed-silk-pajama-set-contrast-trim-navy\/","title":{"rendered":"22 Momme Conjunto de pijama de seda con ribete de contraste Azul marino"},"content":{"rendered":"<p>Este cl\u00e1sico conjunto de pijama est\u00e1 confeccionado en seda jaspeada 22 momme en tono azul marino. Presenta ribetes en contraste, un tacto suave y una ca\u00edda c\u00f3moda para la mujer. Este modelo es compatible con las tallas S, M, L y XL y es ideal para la primavera, para regalar o para el d\u00eda a d\u00eda. Lavar a mano en fr\u00edo o en ciclo delicado.<\/p>","protected":false},"excerpt":{"rendered":"<p>22 Momme Conjunto de pijama cl\u00e1sico de seda Sandwashed en azul marino. Acabado con ribete en contraste, tacto transpirable y tallas S, M, L, XL. Dise\u00f1ado para la mujer.<\/p>","protected":false},"featured_media":2419,"template":"","meta":{"_gspb_post_css":""},"product_brand":[],"product_cat":[20],"product_tag":[185,218,219],"class_list":{"0":"post-609","1":"product","2":"type-product","3":"status-publish","4":"has-post-thumbnail","6":"product_cat-silk-pajamas","7":"product_tag-22-momme-silk-pajamas-navy","8":"product_tag-sandwashed-silk-pajamas-contrast-trim","9":"product_tag-wholesale-silk-pajamas-for-women","11":"first","12":"instock","13":"shipping-taxable","14":"purchasable","15":"product-type-simple"},"_links":{"self":[{"href":"https:\/\/silk-pajamas.com\/es\/wp-json\/wp\/v2\/product\/609","targetHints":{"allow":["GET"]}}],"collection":[{"href":"https:\/\/silk-pajamas.com\/es\/wp-json\/wp\/v2\/product"}],"about":[{"href":"https:\/\/silk-pajamas.com\/es\/wp-json\/wp\/v2\/types\/product"}],"wp:featuredmedia":[{"embeddable":true,"href":"https:\/\/silk-pajamas.com\/es\/wp-json\/wp\/v2\/media\/2419"}],"wp:attachment":[{"href":"https:\/\/silk-pajamas.com\/es\/wp-json\/wp\/v2\/media?parent=609"}],"wp:term":[{"taxonomy":"product_brand","embeddable":true,"href":"https:\/\/silk-pajamas.com\/es\/wp-json\/wp\/v2\/product_brand?post=609"},{"taxonomy":"product_cat","embeddable":true,"href":"https:\/\/silk-pajamas.com\/es\/wp-json\/wp\/v2\/product_cat?post=609"},{"taxonomy":"product_tag","embeddable":true,"href":"https:\/\/silk-pajamas.com\/es\/wp-json\/wp\/v2\/product_tag?post=609"}],"curies":[{"name":"wp","href":"https:\/\/api.w.org\/{rel}","templated":true}]}}