{"id":610,"date":"2026-04-12T15:43:10","date_gmt":"2026-04-12T15:43:10","guid":{"rendered":"https:\/\/silk-pajamas.com\/22-momme-mulberry-silk-pajama-set-short-sleeve-leopard\/"},"modified":"2026-05-09T08:07:57","modified_gmt":"2026-05-09T08:07:57","slug":"22-momme-mulberry-silk-pajama-set-short-sleeve-leopard","status":"publish","type":"product","link":"https:\/\/silk-pajamas.com\/es\/22-momme-mulberry-silk-pajama-set-short-sleeve-leopard\/","title":{"rendered":"22 Momme Mulberry Pijama de seda de manga corta Leopardo"},"content":{"rendered":"<p>Confeccionado con seda de morera 22 momme, este cl\u00e1sico conjunto de pijama ofrece un tacto suave, una agradable sensaci\u00f3n en la piel y un movimiento elegante. La construcci\u00f3n de manga corta y el color leopardo mantienen el aspecto pulido para las mujeres. Disponible en XL, XXL, 3XL, 4XL. Lavar a mano en fr\u00edo o en ciclo delicado.<\/p>","protected":false},"excerpt":{"rendered":"<p>22 Conjunto de pijama cl\u00e1sico de seda Momme Mulberry en leopardo. Acabado de manga corta, tacto suave y tallas XL, XXL, 3XL, 4XL. Dise\u00f1ado para la mujer.<\/p>","protected":false},"featured_media":2421,"template":"","meta":{"_gspb_post_css":""},"product_brand":[],"product_cat":[20],"product_tag":[182,184,214],"class_list":{"0":"post-610","1":"product","2":"type-product","3":"status-publish","4":"has-post-thumbnail","6":"product_cat-silk-pajamas","7":"product_tag-22-momme-silk-pajamas-leopard","8":"product_tag-manufacturer-silk-pajamas-for-women","9":"product_tag-mulberry-silk-pajamas-short-sleeve","11":"first","12":"instock","13":"shipping-taxable","14":"purchasable","15":"product-type-simple"},"_links":{"self":[{"href":"https:\/\/silk-pajamas.com\/es\/wp-json\/wp\/v2\/product\/610","targetHints":{"allow":["GET"]}}],"collection":[{"href":"https:\/\/silk-pajamas.com\/es\/wp-json\/wp\/v2\/product"}],"about":[{"href":"https:\/\/silk-pajamas.com\/es\/wp-json\/wp\/v2\/types\/product"}],"wp:featuredmedia":[{"embeddable":true,"href":"https:\/\/silk-pajamas.com\/es\/wp-json\/wp\/v2\/media\/2421"}],"wp:attachment":[{"href":"https:\/\/silk-pajamas.com\/es\/wp-json\/wp\/v2\/media?parent=610"}],"wp:term":[{"taxonomy":"product_brand","embeddable":true,"href":"https:\/\/silk-pajamas.com\/es\/wp-json\/wp\/v2\/product_brand?post=610"},{"taxonomy":"product_cat","embeddable":true,"href":"https:\/\/silk-pajamas.com\/es\/wp-json\/wp\/v2\/product_cat?post=610"},{"taxonomy":"product_tag","embeddable":true,"href":"https:\/\/silk-pajamas.com\/es\/wp-json\/wp\/v2\/product_tag?post=610"}],"curies":[{"name":"wp","href":"https:\/\/api.w.org\/{rel}","templated":true}]}}