{"id":611,"date":"2026-04-12T15:43:10","date_gmt":"2026-04-12T15:43:10","guid":{"rendered":"https:\/\/silk-pajamas.com\/19-momme-mulberry-silk-pajama-set-contrast-trim-champagne\/"},"modified":"2026-05-09T08:08:28","modified_gmt":"2026-05-09T08:08:28","slug":"19-momme-mulberry-silk-pajama-set-contrast-trim-champagne","status":"publish","type":"product","link":"https:\/\/silk-pajamas.com\/es\/19-momme-mulberry-silk-pajama-set-contrast-trim-champagne\/","title":{"rendered":"19 Momme Conjunto de pijama de seda de morera con ribete de contraste Champ\u00e1n"},"content":{"rendered":"<p>Confeccionado en seda de morera 19 momme, este cl\u00e1sico conjunto de pijama combina detalles de ribete en contraste con un brillo suave y un tacto transpirable. El acabado champ\u00e1n le confiere un aspecto refinado, mientras que las tallas XS, S, M, L, XL y XXL ayudan a cubrir la demanda b\u00e1sica. Adecuada para viajes y armarios de primavera. Lavar a mano en fr\u00edo o en ciclo delicado.<\/p>","protected":false},"excerpt":{"rendered":"<p>19 Conjunto de pijama cl\u00e1sico Momme Mulberry de seda en color champ\u00e1n. Acabado con ribete en contraste, tacto transpirable y tallas XS, S, M, L, XL, XXL. Dise\u00f1ado para llevar de viaje.<\/p>","protected":false},"featured_media":2406,"template":"","meta":{"_gspb_post_css":""},"product_brand":[],"product_cat":[20],"product_tag":[200,189,204],"class_list":{"0":"post-611","1":"product","2":"type-product","3":"status-publish","4":"has-post-thumbnail","6":"product_cat-silk-pajamas","7":"product_tag-19-momme-silk-pajamas-champagne","8":"product_tag-mulberry-silk-pajamas-contrast-trim","9":"product_tag-supplier-silk-pajamas-for-travel-use","11":"first","12":"instock","13":"shipping-taxable","14":"purchasable","15":"product-type-simple"},"_links":{"self":[{"href":"https:\/\/silk-pajamas.com\/es\/wp-json\/wp\/v2\/product\/611","targetHints":{"allow":["GET"]}}],"collection":[{"href":"https:\/\/silk-pajamas.com\/es\/wp-json\/wp\/v2\/product"}],"about":[{"href":"https:\/\/silk-pajamas.com\/es\/wp-json\/wp\/v2\/types\/product"}],"wp:featuredmedia":[{"embeddable":true,"href":"https:\/\/silk-pajamas.com\/es\/wp-json\/wp\/v2\/media\/2406"}],"wp:attachment":[{"href":"https:\/\/silk-pajamas.com\/es\/wp-json\/wp\/v2\/media?parent=611"}],"wp:term":[{"taxonomy":"product_brand","embeddable":true,"href":"https:\/\/silk-pajamas.com\/es\/wp-json\/wp\/v2\/product_brand?post=611"},{"taxonomy":"product_cat","embeddable":true,"href":"https:\/\/silk-pajamas.com\/es\/wp-json\/wp\/v2\/product_cat?post=611"},{"taxonomy":"product_tag","embeddable":true,"href":"https:\/\/silk-pajamas.com\/es\/wp-json\/wp\/v2\/product_tag?post=611"}],"curies":[{"name":"wp","href":"https:\/\/api.w.org\/{rel}","templated":true}]}}