{"id":617,"date":"2026-04-12T15:43:11","date_gmt":"2026-04-12T15:43:11","guid":{"rendered":"https:\/\/silk-pajamas.com\/25-momme-crepe-silk-robe-belted-black-manufacturer\/"},"modified":"2026-05-09T07:38:58","modified_gmt":"2026-05-09T07:38:58","slug":"25-momme-crepe-silk-robe-belted-black-manufacturer","status":"publish","type":"product","link":"https:\/\/silk-pajamas.com\/es\/25-momme-crepe-silk-robe-belted-black-manufacturer\/","title":{"rendered":"25 Momme Albornoz de crep\u00e9 de seda con cintur\u00f3n Negro Fabricante"},"content":{"rendered":"<p>Confeccionado con crep\u00e9 de seda 25 momme, este albornoz y kimono de capas ofrece un tacto suave, una agradable sensaci\u00f3n en la piel y un movimiento elegante. La construcci\u00f3n con cintur\u00f3n y el color negro mantienen el look pulido para vestir de resort. Disponible en Custom. Lavar a mano en fr\u00edo o en ciclo delicado.<\/p>","protected":false},"excerpt":{"rendered":"<p>25 Momme Bata y kimono de seda crep\u00e9 en color Negro. Acabado con cintur\u00f3n, tacto suave y tallaje personalizado. Dise\u00f1ado para vestir en complejos tur\u00edsticos.<\/p>","protected":false},"featured_media":2395,"template":"","meta":{"_gspb_post_css":""},"product_brand":[],"product_cat":[24],"product_tag":[233,234,235],"class_list":{"0":"post-617","1":"product","2":"type-product","3":"status-publish","4":"has-post-thumbnail","6":"product_cat-silk-robes-and-kimonos","7":"product_tag-25-momme-silk-robe-black","8":"product_tag-crepe-silk-robe-belted","9":"product_tag-factory-silk-robe-for-resort-dressing","11":"first","12":"instock","13":"shipping-taxable","14":"purchasable","15":"product-type-simple"},"_links":{"self":[{"href":"https:\/\/silk-pajamas.com\/es\/wp-json\/wp\/v2\/product\/617","targetHints":{"allow":["GET"]}}],"collection":[{"href":"https:\/\/silk-pajamas.com\/es\/wp-json\/wp\/v2\/product"}],"about":[{"href":"https:\/\/silk-pajamas.com\/es\/wp-json\/wp\/v2\/types\/product"}],"wp:featuredmedia":[{"embeddable":true,"href":"https:\/\/silk-pajamas.com\/es\/wp-json\/wp\/v2\/media\/2395"}],"wp:attachment":[{"href":"https:\/\/silk-pajamas.com\/es\/wp-json\/wp\/v2\/media?parent=617"}],"wp:term":[{"taxonomy":"product_brand","embeddable":true,"href":"https:\/\/silk-pajamas.com\/es\/wp-json\/wp\/v2\/product_brand?post=617"},{"taxonomy":"product_cat","embeddable":true,"href":"https:\/\/silk-pajamas.com\/es\/wp-json\/wp\/v2\/product_cat?post=617"},{"taxonomy":"product_tag","embeddable":true,"href":"https:\/\/silk-pajamas.com\/es\/wp-json\/wp\/v2\/product_tag?post=617"}],"curies":[{"name":"wp","href":"https:\/\/api.w.org\/{rel}","templated":true}]}}