{"id":618,"date":"2026-04-12T15:43:11","date_gmt":"2026-04-12T15:43:11","guid":{"rendered":"https:\/\/silk-pajamas.com\/25-momme-crepe-silk-kimono-robe-belted-rose\/"},"modified":"2026-05-09T07:42:35","modified_gmt":"2026-05-09T07:42:35","slug":"25-momme-crepe-silk-kimono-robe-belted-rose","status":"publish","type":"product","link":"https:\/\/silk-pajamas.com\/es\/25-momme-crepe-silk-kimono-robe-belted-rose\/","title":{"rendered":"25 Momme Crep\u00e9 Seda Kimono Bata Cintur\u00f3n Rosa"},"content":{"rendered":"<p>Esta bata y kimono de capa est\u00e1 confeccionada en crep\u00e9 de seda 25 momme en tono rosa. Tiene cintur\u00f3n, una suave sensaci\u00f3n en la mano y una c\u00f3moda ca\u00edda para programas de spa. Este modelo es compatible con las tallas XL, XXL, 3XL y 4XL y es ideal para llevar en cualquier \u00e9poca del a\u00f1o, para regalar o para el d\u00eda a d\u00eda. Lavar a mano en fr\u00edo o en ciclo delicado.<\/p>","protected":false},"excerpt":{"rendered":"<p>25 Momme Bata y kimono de seda crep\u00e9 en color rosa. Acabado con cintur\u00f3n, tacto termorregulador y tallas XL, XXL, 3XL, 4XL. Dise\u00f1ado para programas de spa.<\/p>","protected":false},"featured_media":2396,"template":"","meta":{"_gspb_post_css":""},"product_brand":[],"product_cat":[24],"product_tag":[236,234,237],"class_list":{"0":"post-618","1":"product","2":"type-product","3":"status-publish","4":"has-post-thumbnail","6":"product_cat-silk-robes-and-kimonos","7":"product_tag-25-momme-silk-robe-rose","8":"product_tag-crepe-silk-robe-belted","9":"product_tag-wholesale-silk-robe-for-spa-programs","11":"first","12":"instock","13":"featured","14":"shipping-taxable","15":"purchasable","16":"product-type-simple"},"_links":{"self":[{"href":"https:\/\/silk-pajamas.com\/es\/wp-json\/wp\/v2\/product\/618","targetHints":{"allow":["GET"]}}],"collection":[{"href":"https:\/\/silk-pajamas.com\/es\/wp-json\/wp\/v2\/product"}],"about":[{"href":"https:\/\/silk-pajamas.com\/es\/wp-json\/wp\/v2\/types\/product"}],"wp:featuredmedia":[{"embeddable":true,"href":"https:\/\/silk-pajamas.com\/es\/wp-json\/wp\/v2\/media\/2396"}],"wp:attachment":[{"href":"https:\/\/silk-pajamas.com\/es\/wp-json\/wp\/v2\/media?parent=618"}],"wp:term":[{"taxonomy":"product_brand","embeddable":true,"href":"https:\/\/silk-pajamas.com\/es\/wp-json\/wp\/v2\/product_brand?post=618"},{"taxonomy":"product_cat","embeddable":true,"href":"https:\/\/silk-pajamas.com\/es\/wp-json\/wp\/v2\/product_cat?post=618"},{"taxonomy":"product_tag","embeddable":true,"href":"https:\/\/silk-pajamas.com\/es\/wp-json\/wp\/v2\/product_tag?post=618"}],"curies":[{"name":"wp","href":"https:\/\/api.w.org\/{rel}","templated":true}]}}