{"id":620,"date":"2026-04-12T15:43:11","date_gmt":"2026-04-12T15:43:11","guid":{"rendered":"https:\/\/silk-pajamas.com\/25-momme-crepe-silk-kimono-robe-belted-emerald\/"},"modified":"2026-05-09T07:43:46","modified_gmt":"2026-05-09T07:43:46","slug":"25-momme-crepe-silk-kimono-robe-belted-emerald","status":"publish","type":"product","link":"https:\/\/silk-pajamas.com\/es\/25-momme-crepe-silk-kimono-robe-belted-emerald\/","title":{"rendered":"25 Momme Crep\u00e9 Seda Kimono Bata Cintur\u00f3n Esmeralda"},"content":{"rendered":"<p>Confeccionada con crep\u00e9 de seda de 25 momme, esta bata y capa de kimono ofrece un tacto suave, una agradable sensaci\u00f3n en la piel y un movimiento elegante. La construcci\u00f3n con cintur\u00f3n y el color esmeralda mantienen el look pulido para los programas de spa. Disponible en S, M, L, XL. Lavar a mano en fr\u00edo o en ciclo delicado.<\/p>","protected":false},"excerpt":{"rendered":"<p>25 Momme Bata y kimono de seda crep\u00e9 en color esmeralda. Acabado con cintur\u00f3n, tacto suave y tallas S, M, L, XL. Dise\u00f1ado para programas de spa.<\/p>","protected":false},"featured_media":2376,"template":"","meta":{"_gspb_post_css":""},"product_brand":[],"product_cat":[24],"product_tag":[240,234,241],"class_list":{"0":"post-620","1":"product","2":"type-product","3":"status-publish","4":"has-post-thumbnail","6":"product_cat-silk-robes-and-kimonos","7":"product_tag-25-momme-silk-robe-emerald","8":"product_tag-crepe-silk-robe-belted","9":"product_tag-vendor-silk-robe-for-spa-programs","11":"first","12":"instock","13":"shipping-taxable","14":"purchasable","15":"product-type-simple"},"_links":{"self":[{"href":"https:\/\/silk-pajamas.com\/es\/wp-json\/wp\/v2\/product\/620","targetHints":{"allow":["GET"]}}],"collection":[{"href":"https:\/\/silk-pajamas.com\/es\/wp-json\/wp\/v2\/product"}],"about":[{"href":"https:\/\/silk-pajamas.com\/es\/wp-json\/wp\/v2\/types\/product"}],"wp:featuredmedia":[{"embeddable":true,"href":"https:\/\/silk-pajamas.com\/es\/wp-json\/wp\/v2\/media\/2376"}],"wp:attachment":[{"href":"https:\/\/silk-pajamas.com\/es\/wp-json\/wp\/v2\/media?parent=620"}],"wp:term":[{"taxonomy":"product_brand","embeddable":true,"href":"https:\/\/silk-pajamas.com\/es\/wp-json\/wp\/v2\/product_brand?post=620"},{"taxonomy":"product_cat","embeddable":true,"href":"https:\/\/silk-pajamas.com\/es\/wp-json\/wp\/v2\/product_cat?post=620"},{"taxonomy":"product_tag","embeddable":true,"href":"https:\/\/silk-pajamas.com\/es\/wp-json\/wp\/v2\/product_tag?post=620"}],"curies":[{"name":"wp","href":"https:\/\/api.w.org\/{rel}","templated":true}]}}