{"id":624,"date":"2026-04-12T15:43:12","date_gmt":"2026-04-12T15:43:12","guid":{"rendered":"https:\/\/silk-pajamas.com\/19-momme-mulberry-silk-robe-mid-length-coffee\/"},"modified":"2026-05-09T07:17:45","modified_gmt":"2026-05-09T07:17:45","slug":"19-momme-mulberry-silk-robe-mid-length-coffee","status":"publish","type":"product","link":"https:\/\/silk-pajamas.com\/es\/19-momme-mulberry-silk-robe-mid-length-coffee\/","title":{"rendered":"19 Momme Albornoz de seda de morera caf\u00e9 largo medio"},"content":{"rendered":"<p>Confeccionado con seda de morera de 19 momme, este albornoz y kimono de capa ofrece transpirabilidad, un tacto suave en la piel y un movimiento elegante. La construcci\u00f3n de longitud media y el color caf\u00e9 mantienen el aspecto pulido para los programas de spa. Disponible en S, M, L, XL. Lavar a mano en fr\u00edo o en ciclo delicado.<\/p>","protected":false},"excerpt":{"rendered":"<p>19 albornoz y kimono de seda Momme Mulberry en color Caf\u00e9. Acabado de longitud media, tacto transpirable y tallas S, M, L, XL. Dise\u00f1ado para programas de spa.<\/p>","protected":false},"featured_media":2383,"template":"","meta":{"_gspb_post_css":""},"product_brand":[],"product_cat":[24],"product_tag":[250,251,241],"class_list":{"0":"post-624","1":"product","2":"type-product","3":"status-publish","4":"has-post-thumbnail","6":"product_cat-silk-robes-and-kimonos","7":"product_tag-19-momme-silk-robe-coffee","8":"product_tag-mulberry-silk-robe-mid-length","9":"product_tag-vendor-silk-robe-for-spa-programs","11":"first","12":"instock","13":"shipping-taxable","14":"purchasable","15":"product-type-simple"},"_links":{"self":[{"href":"https:\/\/silk-pajamas.com\/es\/wp-json\/wp\/v2\/product\/624","targetHints":{"allow":["GET"]}}],"collection":[{"href":"https:\/\/silk-pajamas.com\/es\/wp-json\/wp\/v2\/product"}],"about":[{"href":"https:\/\/silk-pajamas.com\/es\/wp-json\/wp\/v2\/types\/product"}],"wp:featuredmedia":[{"embeddable":true,"href":"https:\/\/silk-pajamas.com\/es\/wp-json\/wp\/v2\/media\/2383"}],"wp:attachment":[{"href":"https:\/\/silk-pajamas.com\/es\/wp-json\/wp\/v2\/media?parent=624"}],"wp:term":[{"taxonomy":"product_brand","embeddable":true,"href":"https:\/\/silk-pajamas.com\/es\/wp-json\/wp\/v2\/product_brand?post=624"},{"taxonomy":"product_cat","embeddable":true,"href":"https:\/\/silk-pajamas.com\/es\/wp-json\/wp\/v2\/product_cat?post=624"},{"taxonomy":"product_tag","embeddable":true,"href":"https:\/\/silk-pajamas.com\/es\/wp-json\/wp\/v2\/product_tag?post=624"}],"curies":[{"name":"wp","href":"https:\/\/api.w.org\/{rel}","templated":true}]}}