{"id":626,"date":"2026-04-12T15:43:13","date_gmt":"2026-04-12T15:43:13","guid":{"rendered":"https:\/\/silk-pajamas.com\/16-momme-mulberry-silk-robe-piped-floral-vendor\/"},"modified":"2026-05-08T13:07:57","modified_gmt":"2026-05-08T13:07:57","slug":"16-momme-mulberry-silk-robe-piped-floral-vendor","status":"publish","type":"product","link":"https:\/\/silk-pajamas.com\/es\/16-momme-mulberry-silk-robe-piped-floral-vendor\/","title":{"rendered":"16 Momme Mulberry Albornoz de seda con ribetes florales Vendedor"},"content":{"rendered":"<p>Esta bata y kimono de capa est\u00e1 confeccionada en seda de morera de 16 momme en tono floral. Presenta ribetes, un tacto suave y una ca\u00edda c\u00f3moda para la mujer. Este modelo es compatible con las tallas XL, XXL, 3XL y 4XL y es ideal para la primavera, para regalar o para el d\u00eda a d\u00eda. Lavar a mano en fr\u00edo o en ciclo delicado.<\/p>","protected":false},"excerpt":{"rendered":"<p>16 albornoz y kimono de capa de seda Momme Mulberry en Floral. Acabado ribeteado, tacto ligero y tallas XL, XXL, 3XL, 4XL. Dise\u00f1ado para la mujer.<\/p>","protected":false},"featured_media":2363,"template":"","meta":{"_gspb_post_css":""},"product_brand":[],"product_cat":[24],"product_tag":[254,255,253],"class_list":{"0":"post-626","1":"product","2":"type-product","3":"status-publish","4":"has-post-thumbnail","6":"product_cat-silk-robes-and-kimonos","7":"product_tag-16-momme-silk-robe-floral","8":"product_tag-factory-silk-robe-for-women","9":"product_tag-mulberry-silk-robe-piped","11":"first","12":"instock","13":"shipping-taxable","14":"purchasable","15":"product-type-simple"},"_links":{"self":[{"href":"https:\/\/silk-pajamas.com\/es\/wp-json\/wp\/v2\/product\/626","targetHints":{"allow":["GET"]}}],"collection":[{"href":"https:\/\/silk-pajamas.com\/es\/wp-json\/wp\/v2\/product"}],"about":[{"href":"https:\/\/silk-pajamas.com\/es\/wp-json\/wp\/v2\/types\/product"}],"wp:featuredmedia":[{"embeddable":true,"href":"https:\/\/silk-pajamas.com\/es\/wp-json\/wp\/v2\/media\/2363"}],"wp:attachment":[{"href":"https:\/\/silk-pajamas.com\/es\/wp-json\/wp\/v2\/media?parent=626"}],"wp:term":[{"taxonomy":"product_brand","embeddable":true,"href":"https:\/\/silk-pajamas.com\/es\/wp-json\/wp\/v2\/product_brand?post=626"},{"taxonomy":"product_cat","embeddable":true,"href":"https:\/\/silk-pajamas.com\/es\/wp-json\/wp\/v2\/product_cat?post=626"},{"taxonomy":"product_tag","embeddable":true,"href":"https:\/\/silk-pajamas.com\/es\/wp-json\/wp\/v2\/product_tag?post=626"}],"curies":[{"name":"wp","href":"https:\/\/api.w.org\/{rel}","templated":true}]}}