{"id":630,"date":"2026-04-12T15:43:13","date_gmt":"2026-04-12T15:43:13","guid":{"rendered":"https:\/\/silk-pajamas.com\/19-momme-crepe-silk-kimono-robe-mid-length-emerald\/"},"modified":"2026-05-09T01:50:13","modified_gmt":"2026-05-09T01:50:13","slug":"19-momme-crepe-silk-kimono-robe-mid-length-emerald","status":"publish","type":"product","link":"https:\/\/silk-pajamas.com\/es\/19-momme-crepe-silk-kimono-robe-mid-length-emerald\/","title":{"rendered":"19 Momme Bata Kimono Crepe Seda Largo Medio Esmeralda"},"content":{"rendered":"<p>Este albornoz y kimono de capa est\u00e1 confeccionado en crep\u00e9 de seda 19 momme en tono esmeralda. Tiene una longitud media, una sensaci\u00f3n suave al tacto y una ca\u00edda c\u00f3moda para programas de spa. Admite tallas \u00fanicas y es ideal para llevar en verano, regalar o para el confort diario. Lavar a mano en fr\u00edo o en ciclo delicado.<\/p>","protected":false},"excerpt":{"rendered":"<p>19 Momme Bata y kimono de seda crep\u00e9 en color esmeralda. Acabado de longitud media, tacto de ca\u00edda suave y talla \u00fanica. Dise\u00f1ado para programas de spa.<\/p>","protected":false},"featured_media":2377,"template":"","meta":{"_gspb_post_css":""},"product_brand":[],"product_cat":[24],"product_tag":[259,226,241],"class_list":{"0":"post-630","1":"product","2":"type-product","3":"status-publish","4":"has-post-thumbnail","6":"product_cat-silk-robes-and-kimonos","7":"product_tag-19-momme-silk-robe-emerald","8":"product_tag-crepe-silk-robe-mid-length","9":"product_tag-vendor-silk-robe-for-spa-programs","11":"first","12":"instock","13":"shipping-taxable","14":"purchasable","15":"product-type-simple"},"_links":{"self":[{"href":"https:\/\/silk-pajamas.com\/es\/wp-json\/wp\/v2\/product\/630","targetHints":{"allow":["GET"]}}],"collection":[{"href":"https:\/\/silk-pajamas.com\/es\/wp-json\/wp\/v2\/product"}],"about":[{"href":"https:\/\/silk-pajamas.com\/es\/wp-json\/wp\/v2\/types\/product"}],"wp:featuredmedia":[{"embeddable":true,"href":"https:\/\/silk-pajamas.com\/es\/wp-json\/wp\/v2\/media\/2377"}],"wp:attachment":[{"href":"https:\/\/silk-pajamas.com\/es\/wp-json\/wp\/v2\/media?parent=630"}],"wp:term":[{"taxonomy":"product_brand","embeddable":true,"href":"https:\/\/silk-pajamas.com\/es\/wp-json\/wp\/v2\/product_brand?post=630"},{"taxonomy":"product_cat","embeddable":true,"href":"https:\/\/silk-pajamas.com\/es\/wp-json\/wp\/v2\/product_cat?post=630"},{"taxonomy":"product_tag","embeddable":true,"href":"https:\/\/silk-pajamas.com\/es\/wp-json\/wp\/v2\/product_tag?post=630"}],"curies":[{"name":"wp","href":"https:\/\/api.w.org\/{rel}","templated":true}]}}