{"id":633,"date":"2026-04-12T15:43:13","date_gmt":"2026-04-12T15:43:13","guid":{"rendered":"https:\/\/silk-pajamas.com\/22-momme-crepe-silk-robe-jacquard-silver-factory\/"},"modified":"2026-05-09T01:55:09","modified_gmt":"2026-05-09T01:55:09","slug":"22-momme-crepe-silk-robe-jacquard-silver-factory","status":"publish","type":"product","link":"https:\/\/silk-pajamas.com\/es\/22-momme-crepe-silk-robe-jacquard-silver-factory\/","title":{"rendered":"22 Momme Crepe Seda Bata Jacquard Plata F\u00e1brica"},"content":{"rendered":"<p>Confeccionado con seda crep\u00e9 22 momme, este albornoz y kimono de capa ofrece resistencia a las arrugas, tacto suave en la piel y movimiento elegante. La confecci\u00f3n en jacquard y el color plateado mantienen el look pulido para armarios de novia. Disponible en talla \u00fanica. Lavar a mano en fr\u00edo o en ciclo delicado.<\/p>","protected":false},"excerpt":{"rendered":"<p>Bata y kimono de seda Momme Crepe 22 en color Plata. Acabado jacquard, tacto resistente a las arrugas y talla \u00fanica. Dise\u00f1ado para armarios de novias.<\/p>","protected":false},"featured_media":2255,"template":"","meta":{"_gspb_post_css":""},"product_brand":[],"product_cat":[24],"product_tag":[265,261,230],"class_list":{"0":"post-633","1":"product","2":"type-product","3":"status-publish","4":"has-post-thumbnail","6":"product_cat-silk-robes-and-kimonos","7":"product_tag-22-momme-silk-robe-silver","8":"product_tag-crepe-silk-robe-jacquard","9":"product_tag-vendor-silk-robe-for-bridal-wardrobes","11":"first","12":"instock","13":"featured","14":"shipping-taxable","15":"purchasable","16":"product-type-simple"},"_links":{"self":[{"href":"https:\/\/silk-pajamas.com\/es\/wp-json\/wp\/v2\/product\/633","targetHints":{"allow":["GET"]}}],"collection":[{"href":"https:\/\/silk-pajamas.com\/es\/wp-json\/wp\/v2\/product"}],"about":[{"href":"https:\/\/silk-pajamas.com\/es\/wp-json\/wp\/v2\/types\/product"}],"wp:featuredmedia":[{"embeddable":true,"href":"https:\/\/silk-pajamas.com\/es\/wp-json\/wp\/v2\/media\/2255"}],"wp:attachment":[{"href":"https:\/\/silk-pajamas.com\/es\/wp-json\/wp\/v2\/media?parent=633"}],"wp:term":[{"taxonomy":"product_brand","embeddable":true,"href":"https:\/\/silk-pajamas.com\/es\/wp-json\/wp\/v2\/product_brand?post=633"},{"taxonomy":"product_cat","embeddable":true,"href":"https:\/\/silk-pajamas.com\/es\/wp-json\/wp\/v2\/product_cat?post=633"},{"taxonomy":"product_tag","embeddable":true,"href":"https:\/\/silk-pajamas.com\/es\/wp-json\/wp\/v2\/product_tag?post=633"}],"curies":[{"name":"wp","href":"https:\/\/api.w.org\/{rel}","templated":true}]}}