{"id":640,"date":"2026-04-12T15:43:14","date_gmt":"2026-04-12T15:43:14","guid":{"rendered":"https:\/\/silk-pajamas.com\/22-momme-crepe-silk-lounge-bottoms-drawstring-black\/"},"modified":"2026-05-08T12:50:55","modified_gmt":"2026-05-08T12:50:55","slug":"22-momme-crepe-silk-lounge-bottoms-drawstring-black","status":"publish","type":"product","link":"https:\/\/silk-pajamas.com\/es\/22-momme-crepe-silk-lounge-bottoms-drawstring-black\/","title":{"rendered":"22 Culotte Momme Crepe Seda Cord\u00f3n Negro"},"content":{"rendered":"<p>Confeccionado en crep\u00e9 de seda 22 momme, este pijama ofrece una ca\u00edda suave, un tacto agradable y un movimiento elegante. La confecci\u00f3n con cord\u00f3n y el color negro mantienen el aspecto pulido para mujeres y hombres. Disponible en Custom. Lavar a mano en fr\u00edo o en ciclo delicado.<\/p>","protected":false},"excerpt":{"rendered":"<p>22 pijamas de seda Momme Crepe en negro. Acabado con cord\u00f3n, tacto de ca\u00edda suave y tallaje personalizado. Dise\u00f1ado para mujeres y hombres.<\/p>","protected":false},"featured_media":2343,"template":"","meta":{"_gspb_post_css":""},"product_brand":[],"product_cat":[26],"product_tag":[280,281,282],"class_list":{"0":"post-640","1":"product","2":"type-product","3":"status-publish","4":"has-post-thumbnail","6":"product_cat-silk-sleep-bottoms","7":"product_tag-22-momme-silk-sleep-pants-black","8":"product_tag-crepe-silk-sleep-pants-drawstring","9":"product_tag-factory-silk-sleep-pants-for-women-and-men","11":"first","12":"instock","13":"shipping-taxable","14":"purchasable","15":"product-type-simple"},"_links":{"self":[{"href":"https:\/\/silk-pajamas.com\/es\/wp-json\/wp\/v2\/product\/640","targetHints":{"allow":["GET"]}}],"collection":[{"href":"https:\/\/silk-pajamas.com\/es\/wp-json\/wp\/v2\/product"}],"about":[{"href":"https:\/\/silk-pajamas.com\/es\/wp-json\/wp\/v2\/types\/product"}],"wp:featuredmedia":[{"embeddable":true,"href":"https:\/\/silk-pajamas.com\/es\/wp-json\/wp\/v2\/media\/2343"}],"wp:attachment":[{"href":"https:\/\/silk-pajamas.com\/es\/wp-json\/wp\/v2\/media?parent=640"}],"wp:term":[{"taxonomy":"product_brand","embeddable":true,"href":"https:\/\/silk-pajamas.com\/es\/wp-json\/wp\/v2\/product_brand?post=640"},{"taxonomy":"product_cat","embeddable":true,"href":"https:\/\/silk-pajamas.com\/es\/wp-json\/wp\/v2\/product_cat?post=640"},{"taxonomy":"product_tag","embeddable":true,"href":"https:\/\/silk-pajamas.com\/es\/wp-json\/wp\/v2\/product_tag?post=640"}],"curies":[{"name":"wp","href":"https:\/\/api.w.org\/{rel}","templated":true}]}}