{"id":641,"date":"2026-04-12T15:43:14","date_gmt":"2026-04-12T15:43:14","guid":{"rendered":"https:\/\/silk-pajamas.com\/25-momme-crepe-silk-sleep-shorts-piped-wine-wholesale\/"},"modified":"2026-05-08T12:54:19","modified_gmt":"2026-05-08T12:54:19","slug":"25-momme-crepe-silk-sleep-shorts-piped-wine-wholesale","status":"publish","type":"product","link":"https:\/\/silk-pajamas.com\/es\/25-momme-crepe-silk-sleep-shorts-piped-wine-wholesale\/","title":{"rendered":"25 Momme Crepe Silk Sleep Shorts Piped Vino al por mayor"},"content":{"rendered":"<p>Este pijama est\u00e1 confeccionado en crep\u00e9 de seda 25 momme en tono vino. Presenta ribetes, una suave sensaci\u00f3n al tacto y una c\u00f3moda ca\u00edda para llevar de viaje. Este modelo es compatible con las tallas XS, S, M, L, XL y XXL y es ideal para llevar en oto\u00f1o, para regalar o para el d\u00eda a d\u00eda. Lavar a mano en fr\u00edo o en ciclo delicado.<\/p>","protected":false},"excerpt":{"rendered":"<p>25 pijamas de crep\u00e9 de seda Momme en color vino. Acabado ribeteado, suave ca\u00edda y tallas XS, S, M, L, XL, XXL. Dise\u00f1ado para viajes.<\/p>","protected":false},"featured_media":2349,"template":"","meta":{"_gspb_post_css":""},"product_brand":[],"product_cat":[26],"product_tag":[283,272,284],"class_list":{"0":"post-641","1":"product","2":"type-product","3":"status-publish","4":"has-post-thumbnail","6":"product_cat-silk-sleep-bottoms","7":"product_tag-25-momme-silk-sleep-pants-wine","8":"product_tag-crepe-silk-sleep-pants-piped","9":"product_tag-manufacturer-silk-sleep-pants-for-travel-use","11":"first","12":"instock","13":"shipping-taxable","14":"purchasable","15":"product-type-simple"},"_links":{"self":[{"href":"https:\/\/silk-pajamas.com\/es\/wp-json\/wp\/v2\/product\/641","targetHints":{"allow":["GET"]}}],"collection":[{"href":"https:\/\/silk-pajamas.com\/es\/wp-json\/wp\/v2\/product"}],"about":[{"href":"https:\/\/silk-pajamas.com\/es\/wp-json\/wp\/v2\/types\/product"}],"wp:featuredmedia":[{"embeddable":true,"href":"https:\/\/silk-pajamas.com\/es\/wp-json\/wp\/v2\/media\/2349"}],"wp:attachment":[{"href":"https:\/\/silk-pajamas.com\/es\/wp-json\/wp\/v2\/media?parent=641"}],"wp:term":[{"taxonomy":"product_brand","embeddable":true,"href":"https:\/\/silk-pajamas.com\/es\/wp-json\/wp\/v2\/product_brand?post=641"},{"taxonomy":"product_cat","embeddable":true,"href":"https:\/\/silk-pajamas.com\/es\/wp-json\/wp\/v2\/product_cat?post=641"},{"taxonomy":"product_tag","embeddable":true,"href":"https:\/\/silk-pajamas.com\/es\/wp-json\/wp\/v2\/product_tag?post=641"}],"curies":[{"name":"wp","href":"https:\/\/api.w.org\/{rel}","templated":true}]}}