{"id":654,"date":"2026-04-12T15:43:15","date_gmt":"2026-04-12T15:43:15","guid":{"rendered":"https:\/\/silk-pajamas.com\/22-momme-crepe-silk-sleep-shorts-pocketed-coffee\/"},"modified":"2026-05-08T12:26:52","modified_gmt":"2026-05-08T12:26:52","slug":"22-momme-crepe-silk-sleep-shorts-pocketed-coffee","status":"publish","type":"product","link":"https:\/\/silk-pajamas.com\/es\/22-momme-crepe-silk-sleep-shorts-pocketed-coffee\/","title":{"rendered":"22 Momme Pantalones cortos de dormir de crep\u00e9 de seda con bolsillos Caf\u00e9"},"content":{"rendered":"<p>Este pijama est\u00e1 confeccionado en crep\u00e9 de seda 22 momme en tono caf\u00e9. Presenta bolsillos, un tacto suave y una ca\u00edda c\u00f3moda para el hombre. Admite tallas personalizadas y es ideal para llevar en cualquier \u00e9poca del a\u00f1o, como regalo o para el d\u00eda a d\u00eda. Lavar a mano en fr\u00edo o en ciclo delicado.<\/p>","protected":false},"excerpt":{"rendered":"<p>22 pijamas de seda Momme Crepe en color Caf\u00e9. Acabado con bolsillos, tacto resistente a las arrugas y gama de tallas Custom. Dise\u00f1ado para hombres.<\/p>","protected":false},"featured_media":2321,"template":"","meta":{"_gspb_post_css":""},"product_brand":[],"product_cat":[26],"product_tag":[310,311,312],"class_list":{"0":"post-654","1":"product","2":"type-product","3":"status-publish","4":"has-post-thumbnail","6":"product_cat-silk-sleep-bottoms","7":"product_tag-22-momme-silk-sleep-pants-coffee","8":"product_tag-crepe-silk-sleep-pants-pocketed","9":"product_tag-supplier-silk-sleep-pants-for-men","11":"first","12":"instock","13":"shipping-taxable","14":"purchasable","15":"product-type-simple"},"_links":{"self":[{"href":"https:\/\/silk-pajamas.com\/es\/wp-json\/wp\/v2\/product\/654","targetHints":{"allow":["GET"]}}],"collection":[{"href":"https:\/\/silk-pajamas.com\/es\/wp-json\/wp\/v2\/product"}],"about":[{"href":"https:\/\/silk-pajamas.com\/es\/wp-json\/wp\/v2\/types\/product"}],"wp:featuredmedia":[{"embeddable":true,"href":"https:\/\/silk-pajamas.com\/es\/wp-json\/wp\/v2\/media\/2321"}],"wp:attachment":[{"href":"https:\/\/silk-pajamas.com\/es\/wp-json\/wp\/v2\/media?parent=654"}],"wp:term":[{"taxonomy":"product_brand","embeddable":true,"href":"https:\/\/silk-pajamas.com\/es\/wp-json\/wp\/v2\/product_brand?post=654"},{"taxonomy":"product_cat","embeddable":true,"href":"https:\/\/silk-pajamas.com\/es\/wp-json\/wp\/v2\/product_cat?post=654"},{"taxonomy":"product_tag","embeddable":true,"href":"https:\/\/silk-pajamas.com\/es\/wp-json\/wp\/v2\/product_tag?post=654"}],"curies":[{"name":"wp","href":"https:\/\/api.w.org\/{rel}","templated":true}]}}