{"id":655,"date":"2026-04-12T15:43:15","date_gmt":"2026-04-12T15:43:15","guid":{"rendered":"https:\/\/silk-pajamas.com\/22-momme-sandwashed-silk-lounge-bottoms-ankle-length-navy\/"},"modified":"2026-05-08T12:30:44","modified_gmt":"2026-05-08T12:30:44","slug":"22-momme-sandwashed-silk-lounge-bottoms-ankle-length-navy","status":"publish","type":"product","link":"https:\/\/silk-pajamas.com\/es\/22-momme-sandwashed-silk-lounge-bottoms-ankle-length-navy\/","title":{"rendered":"22 Momme Pantalones largos de seda lavados hasta el tobillo Azul marino"},"content":{"rendered":"<p>Este pijama est\u00e1 confeccionado en seda jaspeada de 22 micras en tono azul marino. Largo hasta el tobillo, tacto suave y ca\u00edda c\u00f3moda para hombres y mujeres. Admite tallas personalizadas y es ideal para la primavera, para regalar o para el d\u00eda a d\u00eda. Lavar a mano en fr\u00edo o en ciclo delicado.<\/p>","protected":false},"excerpt":{"rendered":"<p>22 pantalones de dormir de seda Momme Sandwashed en azul marino. Acabado tobillero, tacto transpirable y tallaje personalizado. Dise\u00f1ado para mujeres y hombres.<\/p>","protected":false},"featured_media":2330,"template":"","meta":{"_gspb_post_css":""},"product_brand":[],"product_cat":[26],"product_tag":[313,282,306],"class_list":{"0":"post-655","1":"product","2":"type-product","3":"status-publish","4":"has-post-thumbnail","6":"product_cat-silk-sleep-bottoms","7":"product_tag-22-momme-silk-sleep-pants-navy","8":"product_tag-factory-silk-sleep-pants-for-women-and-men","9":"product_tag-sandwashed-silk-sleep-pants-ankle-length","11":"first","12":"instock","13":"shipping-taxable","14":"purchasable","15":"product-type-simple"},"_links":{"self":[{"href":"https:\/\/silk-pajamas.com\/es\/wp-json\/wp\/v2\/product\/655","targetHints":{"allow":["GET"]}}],"collection":[{"href":"https:\/\/silk-pajamas.com\/es\/wp-json\/wp\/v2\/product"}],"about":[{"href":"https:\/\/silk-pajamas.com\/es\/wp-json\/wp\/v2\/types\/product"}],"wp:featuredmedia":[{"embeddable":true,"href":"https:\/\/silk-pajamas.com\/es\/wp-json\/wp\/v2\/media\/2330"}],"wp:attachment":[{"href":"https:\/\/silk-pajamas.com\/es\/wp-json\/wp\/v2\/media?parent=655"}],"wp:term":[{"taxonomy":"product_brand","embeddable":true,"href":"https:\/\/silk-pajamas.com\/es\/wp-json\/wp\/v2\/product_brand?post=655"},{"taxonomy":"product_cat","embeddable":true,"href":"https:\/\/silk-pajamas.com\/es\/wp-json\/wp\/v2\/product_cat?post=655"},{"taxonomy":"product_tag","embeddable":true,"href":"https:\/\/silk-pajamas.com\/es\/wp-json\/wp\/v2\/product_tag?post=655"}],"curies":[{"name":"wp","href":"https:\/\/api.w.org\/{rel}","templated":true}]}}