{"id":660,"date":"2026-04-12T15:43:16","date_gmt":"2026-04-12T15:43:16","guid":{"rendered":"https:\/\/silk-pajamas.com\/19-momme-sandwashed-silk-sleepshirt-long-sleeve-leopard\/"},"modified":"2026-05-08T09:52:15","modified_gmt":"2026-05-08T09:52:15","slug":"19-momme-sandwashed-silk-sleepshirt-long-sleeve-leopard","status":"publish","type":"product","link":"https:\/\/silk-pajamas.com\/es\/19-momme-sandwashed-silk-sleepshirt-long-sleeve-leopard\/","title":{"rendered":"19 Momme Seda Sandwashed Camisa Manga Larga Leopardo"},"content":{"rendered":"<p>Esta camisa de dormir abotonada est\u00e1 confeccionada en seda jaspeada 19 momme en tono leopardo. Presenta manga larga, tacto suave y ca\u00edda c\u00f3moda para llevarla de viaje. Admite tallas personalizadas y es ideal para llevar en oto\u00f1o, como regalo o para el d\u00eda a d\u00eda. Lavar a mano en fr\u00edo o en ciclo delicado.<\/p>","protected":false},"excerpt":{"rendered":"<p>19 Momme Camisa de dormir abotonada de seda Sandwashed en Leopardo. Acabado de manga larga, sensaci\u00f3n de ca\u00edda suave y tallaje personalizado. Dise\u00f1ada para viajar.<\/p>","protected":false},"featured_media":2287,"template":"","meta":{"_gspb_post_css":""},"product_brand":[],"product_cat":[25],"product_tag":[321,323,322],"class_list":{"0":"post-660","1":"product","2":"type-product","3":"status-publish","4":"has-post-thumbnail","6":"product_cat-silk-sleepshirt","7":"product_tag-19-momme-silk-sleepshirt-leopard","8":"product_tag-manufacturer-silk-sleepshirt-for-travel-use","9":"product_tag-sandwashed-silk-sleepshirt-long-sleeve","11":"first","12":"instock","13":"shipping-taxable","14":"purchasable","15":"product-type-simple"},"_links":{"self":[{"href":"https:\/\/silk-pajamas.com\/es\/wp-json\/wp\/v2\/product\/660","targetHints":{"allow":["GET"]}}],"collection":[{"href":"https:\/\/silk-pajamas.com\/es\/wp-json\/wp\/v2\/product"}],"about":[{"href":"https:\/\/silk-pajamas.com\/es\/wp-json\/wp\/v2\/types\/product"}],"wp:featuredmedia":[{"embeddable":true,"href":"https:\/\/silk-pajamas.com\/es\/wp-json\/wp\/v2\/media\/2287"}],"wp:attachment":[{"href":"https:\/\/silk-pajamas.com\/es\/wp-json\/wp\/v2\/media?parent=660"}],"wp:term":[{"taxonomy":"product_brand","embeddable":true,"href":"https:\/\/silk-pajamas.com\/es\/wp-json\/wp\/v2\/product_brand?post=660"},{"taxonomy":"product_cat","embeddable":true,"href":"https:\/\/silk-pajamas.com\/es\/wp-json\/wp\/v2\/product_cat?post=660"},{"taxonomy":"product_tag","embeddable":true,"href":"https:\/\/silk-pajamas.com\/es\/wp-json\/wp\/v2\/product_tag?post=660"}],"curies":[{"name":"wp","href":"https:\/\/api.w.org\/{rel}","templated":true}]}}