{"id":665,"date":"2026-04-12T15:43:16","date_gmt":"2026-04-12T15:43:16","guid":{"rendered":"https:\/\/silk-pajamas.com\/16-momme-charmeuse-silk-sleepshirt-piped-leopard\/"},"modified":"2026-05-08T09:57:48","modified_gmt":"2026-05-08T09:57:48","slug":"16-momme-charmeuse-silk-sleepshirt-piped-leopard","status":"publish","type":"product","link":"https:\/\/silk-pajamas.com\/es\/16-momme-charmeuse-silk-sleepshirt-piped-leopard\/","title":{"rendered":"16 Momme Camisa de dormir de seda charmeuse con ribetes de leopardo"},"content":{"rendered":"<p>Esta camisa de dormir abotonada est\u00e1 confeccionada en seda charmeuse 16 momme en tono leopardo. Presenta ribetes, un tacto suave y una ca\u00edda c\u00f3moda para mujeres y hombres. Este modelo es compatible con las tallas XL, XXL, 3XL y 4XL y es ideal para llevar en cualquier \u00e9poca del a\u00f1o, para regalar o para el d\u00eda a d\u00eda. Lavar a mano en fr\u00edo o en ciclo delicado.<\/p>","protected":false},"excerpt":{"rendered":"<p>Camisa de dormir abotonada de seda Momme Charmeuse 16 en leopardo. Acabado ribeteado, tacto transpirable y tallas XL, XXL, 3XL, 4XL. Dise\u00f1ada para mujeres y hombres.<\/p>","protected":false},"featured_media":2288,"template":"","meta":{"_gspb_post_css":""},"product_brand":[],"product_cat":[25],"product_tag":[335,328,336],"class_list":{"0":"post-665","1":"product","2":"type-product","3":"status-publish","4":"has-post-thumbnail","6":"product_cat-silk-sleepshirt","7":"product_tag-16-momme-silk-sleepshirt-leopard","8":"product_tag-charmeuse-silk-sleepshirt-piped","9":"product_tag-supplier-silk-sleepshirt-for-women-and-men","11":"first","12":"instock","13":"shipping-taxable","14":"purchasable","15":"product-type-simple"},"_links":{"self":[{"href":"https:\/\/silk-pajamas.com\/es\/wp-json\/wp\/v2\/product\/665","targetHints":{"allow":["GET"]}}],"collection":[{"href":"https:\/\/silk-pajamas.com\/es\/wp-json\/wp\/v2\/product"}],"about":[{"href":"https:\/\/silk-pajamas.com\/es\/wp-json\/wp\/v2\/types\/product"}],"wp:featuredmedia":[{"embeddable":true,"href":"https:\/\/silk-pajamas.com\/es\/wp-json\/wp\/v2\/media\/2288"}],"wp:attachment":[{"href":"https:\/\/silk-pajamas.com\/es\/wp-json\/wp\/v2\/media?parent=665"}],"wp:term":[{"taxonomy":"product_brand","embeddable":true,"href":"https:\/\/silk-pajamas.com\/es\/wp-json\/wp\/v2\/product_brand?post=665"},{"taxonomy":"product_cat","embeddable":true,"href":"https:\/\/silk-pajamas.com\/es\/wp-json\/wp\/v2\/product_cat?post=665"},{"taxonomy":"product_tag","embeddable":true,"href":"https:\/\/silk-pajamas.com\/es\/wp-json\/wp\/v2\/product_tag?post=665"}],"curies":[{"name":"wp","href":"https:\/\/api.w.org\/{rel}","templated":true}]}}