{"id":668,"date":"2026-04-12T15:43:16","date_gmt":"2026-04-12T15:43:16","guid":{"rendered":"https:\/\/silk-pajamas.com\/19-momme-charmeuse-silk-sleep-shirt-pocketed-emerald\/"},"modified":"2026-05-08T09:59:36","modified_gmt":"2026-05-08T09:59:36","slug":"19-momme-charmeuse-silk-sleep-shirt-pocketed-emerald","status":"publish","type":"product","link":"https:\/\/silk-pajamas.com\/es\/19-momme-charmeuse-silk-sleep-shirt-pocketed-emerald\/","title":{"rendered":"19 Momme Camisa de dormir de seda charmeuse con bolsillos Esmeralda"},"content":{"rendered":"<p>Esta camisa de dormir abotonada est\u00e1 confeccionada en seda momme charmeuse 19 en tono esmeralda. Presenta bolsillos, un tacto suave y una ca\u00edda c\u00f3moda para la mujer. Este modelo es compatible con las tallas XL, XXL, 3XL y 4XL y es ideal para la primavera, para regalar o para el d\u00eda a d\u00eda. Lavar a mano en fr\u00edo o en ciclo delicado.<\/p>","protected":false},"excerpt":{"rendered":"<p>19 Camisa de dormir Momme Charmeuse de seda abotonada en color esmeralda. Acabado con bolsillos, tacto de ca\u00edda suave y tallas XL, XXL, 3XL, 4XL. Dise\u00f1ada para la mujer.<\/p>","protected":false},"featured_media":2285,"template":"","meta":{"_gspb_post_css":""},"product_brand":[],"product_cat":[25],"product_tag":[316,342,343],"class_list":{"0":"post-668","1":"product","2":"type-product","3":"status-publish","4":"has-post-thumbnail","6":"product_cat-silk-sleepshirt","7":"product_tag-19-momme-silk-sleepshirt-emerald","8":"product_tag-charmeuse-silk-sleepshirt-pocketed","9":"product_tag-supplier-silk-sleepshirt-for-women","11":"first","12":"instock","13":"featured","14":"shipping-taxable","15":"purchasable","16":"product-type-simple"},"_links":{"self":[{"href":"https:\/\/silk-pajamas.com\/es\/wp-json\/wp\/v2\/product\/668","targetHints":{"allow":["GET"]}}],"collection":[{"href":"https:\/\/silk-pajamas.com\/es\/wp-json\/wp\/v2\/product"}],"about":[{"href":"https:\/\/silk-pajamas.com\/es\/wp-json\/wp\/v2\/types\/product"}],"wp:featuredmedia":[{"embeddable":true,"href":"https:\/\/silk-pajamas.com\/es\/wp-json\/wp\/v2\/media\/2285"}],"wp:attachment":[{"href":"https:\/\/silk-pajamas.com\/es\/wp-json\/wp\/v2\/media?parent=668"}],"wp:term":[{"taxonomy":"product_brand","embeddable":true,"href":"https:\/\/silk-pajamas.com\/es\/wp-json\/wp\/v2\/product_brand?post=668"},{"taxonomy":"product_cat","embeddable":true,"href":"https:\/\/silk-pajamas.com\/es\/wp-json\/wp\/v2\/product_cat?post=668"},{"taxonomy":"product_tag","embeddable":true,"href":"https:\/\/silk-pajamas.com\/es\/wp-json\/wp\/v2\/product_tag?post=668"}],"curies":[{"name":"wp","href":"https:\/\/api.w.org\/{rel}","templated":true}]}}