{"id":679,"date":"2026-04-12T15:43:17","date_gmt":"2026-04-12T15:43:17","guid":{"rendered":"https:\/\/silk-pajamas.com\/19-momme-soft-shine-silk-bonnet-double-layer-wine\/"},"modified":"2026-05-08T09:41:58","modified_gmt":"2026-05-08T09:41:58","slug":"19-momme-soft-shine-silk-bonnet-double-layer-wine","status":"publish","type":"product","link":"https:\/\/silk-pajamas.com\/es\/19-momme-soft-shine-silk-bonnet-double-layer-wine\/","title":{"rendered":"19 Sombrero de seda Momme Soft Shine Doble Capa Vino"},"content":{"rendered":"<p>Este gorro de dormir est\u00e1 confeccionado en seda de brillo suave de 19 momme en tono vino. Tiene doble capa, una suave sensaci\u00f3n al tacto y una c\u00f3moda ca\u00edda para proteger las trenzas. Admite tallas \u00fanicas y es ideal para llevar en cualquier \u00e9poca del a\u00f1o, como regalo o para el d\u00eda a d\u00eda. Lavar a mano en fr\u00edo y secar al aire.<\/p>","protected":false},"excerpt":{"rendered":"<p>19 gorro de dormir de seda Momme Soft Shine en color vino. Acabado de doble capa, tacto ligero y talla \u00fanica. Dise\u00f1ado para proteger las trenzas.<\/p>","protected":false},"featured_media":2271,"template":"","meta":{"_gspb_post_css":""},"product_brand":[],"product_cat":[35],"product_tag":[366,368,367],"class_list":{"0":"post-679","1":"product","2":"type-product","3":"status-publish","4":"has-post-thumbnail","6":"product_cat-silk-bonnets","7":"product_tag-19-momme-silk-bonnet-wine","8":"product_tag-manufacturer-silk-bonnet-for-braid-protection","9":"product_tag-soft-shine-silk-bonnet-double-layer","11":"first","12":"instock","13":"shipping-taxable","14":"purchasable","15":"product-type-simple"},"_links":{"self":[{"href":"https:\/\/silk-pajamas.com\/es\/wp-json\/wp\/v2\/product\/679","targetHints":{"allow":["GET"]}}],"collection":[{"href":"https:\/\/silk-pajamas.com\/es\/wp-json\/wp\/v2\/product"}],"about":[{"href":"https:\/\/silk-pajamas.com\/es\/wp-json\/wp\/v2\/types\/product"}],"wp:featuredmedia":[{"embeddable":true,"href":"https:\/\/silk-pajamas.com\/es\/wp-json\/wp\/v2\/media\/2271"}],"wp:attachment":[{"href":"https:\/\/silk-pajamas.com\/es\/wp-json\/wp\/v2\/media?parent=679"}],"wp:term":[{"taxonomy":"product_brand","embeddable":true,"href":"https:\/\/silk-pajamas.com\/es\/wp-json\/wp\/v2\/product_brand?post=679"},{"taxonomy":"product_cat","embeddable":true,"href":"https:\/\/silk-pajamas.com\/es\/wp-json\/wp\/v2\/product_cat?post=679"},{"taxonomy":"product_tag","embeddable":true,"href":"https:\/\/silk-pajamas.com\/es\/wp-json\/wp\/v2\/product_tag?post=679"}],"curies":[{"name":"wp","href":"https:\/\/api.w.org\/{rel}","templated":true}]}}