{"id":684,"date":"2026-04-12T15:43:19","date_gmt":"2026-04-12T15:43:19","guid":{"rendered":"https:\/\/silk-pajamas.com\/25-momme-mulberry-silk-bonnet-elastic-edge-rose\/"},"modified":"2026-05-08T08:20:05","modified_gmt":"2026-05-08T08:20:05","slug":"25-momme-mulberry-silk-bonnet-elastic-edge-rose","status":"publish","type":"product","link":"https:\/\/silk-pajamas.com\/es\/25-momme-mulberry-silk-bonnet-elastic-edge-rose\/","title":{"rendered":"25 Momme Sombrero de Seda de Mora con Borde El\u00e1stico Rosa"},"content":{"rendered":"<p>Confeccionado con seda de morera de 25 momme, este gorro para dormir ofrece transpirabilidad, un tacto suave y un movimiento elegante. La construcci\u00f3n de borde el\u00e1stico y el color rosa mantienen el aspecto pulido para el cuidado del cabello durante la noche. Disponible en Custom. Lavar a mano en fr\u00edo y secar al aire.<\/p>","protected":false},"excerpt":{"rendered":"<p>25 gorro de dormir de seda Momme Mulberry en rosa. Acabado con borde el\u00e1stico, tacto transpirable y tama\u00f1o personalizado. Dise\u00f1ado para el cuidado del cabello durante la noche.<\/p>","protected":false},"featured_media":2234,"template":"","meta":{"_gspb_post_css":""},"product_brand":[],"product_cat":[35],"product_tag":[377,378,379],"class_list":{"0":"post-684","1":"product","2":"type-product","3":"status-publish","4":"has-post-thumbnail","6":"product_cat-silk-bonnets","7":"product_tag-25-momme-silk-bonnet-rose","8":"product_tag-mulberry-silk-bonnet-elastic-edge","9":"product_tag-wholesale-silk-bonnet-for-overnight-hair-care","11":"first","12":"instock","13":"shipping-taxable","14":"purchasable","15":"product-type-simple"},"_links":{"self":[{"href":"https:\/\/silk-pajamas.com\/es\/wp-json\/wp\/v2\/product\/684","targetHints":{"allow":["GET"]}}],"collection":[{"href":"https:\/\/silk-pajamas.com\/es\/wp-json\/wp\/v2\/product"}],"about":[{"href":"https:\/\/silk-pajamas.com\/es\/wp-json\/wp\/v2\/types\/product"}],"wp:featuredmedia":[{"embeddable":true,"href":"https:\/\/silk-pajamas.com\/es\/wp-json\/wp\/v2\/media\/2234"}],"wp:attachment":[{"href":"https:\/\/silk-pajamas.com\/es\/wp-json\/wp\/v2\/media?parent=684"}],"wp:term":[{"taxonomy":"product_brand","embeddable":true,"href":"https:\/\/silk-pajamas.com\/es\/wp-json\/wp\/v2\/product_brand?post=684"},{"taxonomy":"product_cat","embeddable":true,"href":"https:\/\/silk-pajamas.com\/es\/wp-json\/wp\/v2\/product_cat?post=684"},{"taxonomy":"product_tag","embeddable":true,"href":"https:\/\/silk-pajamas.com\/es\/wp-json\/wp\/v2\/product_tag?post=684"}],"curies":[{"name":"wp","href":"https:\/\/api.w.org\/{rel}","templated":true}]}}