{"id":685,"date":"2026-04-12T15:43:19","date_gmt":"2026-04-12T15:43:19","guid":{"rendered":"https:\/\/silk-pajamas.com\/22-momme-mulberry-silk-bonnet-wide-band-lilac-supplier\/"},"modified":"2026-05-08T08:46:24","modified_gmt":"2026-05-08T08:46:24","slug":"22-momme-mulberry-silk-bonnet-wide-band-lilac-supplier","status":"publish","type":"product","link":"https:\/\/silk-pajamas.com\/es\/22-momme-mulberry-silk-bonnet-wide-band-lilac-supplier\/","title":{"rendered":"22 Momme Sombrero de Seda de Mora Banda Ancha Proveedor Lila"},"content":{"rendered":"<p>Este gorro de dormir est\u00e1 confeccionado en seda de morera 22 momme en tono lila. Presenta una banda ancha, un tacto suave y una ca\u00edda c\u00f3moda para el cuidado del cabello rizado. Admite tallas personalizadas y es ideal para llevar en verano, como regalo o para el d\u00eda a d\u00eda. Lavar a mano en fr\u00edo y secar al aire.<\/p>","protected":false},"excerpt":{"rendered":"<p>Gorro de dormir de seda Mulberry 22 Momme en color Lila. Acabado de banda ancha, sensaci\u00f3n de ca\u00edda suave y tama\u00f1o personalizado. Dise\u00f1ado para el cuidado del cabello rizado.<\/p>","protected":false},"featured_media":2234,"template":"","meta":{"_gspb_post_css":""},"product_brand":[],"product_cat":[35],"product_tag":[380,381,382],"class_list":{"0":"post-685","1":"product","2":"type-product","3":"status-publish","4":"has-post-thumbnail","6":"product_cat-silk-bonnets","7":"product_tag-22-momme-silk-bonnet-lilac","8":"product_tag-mulberry-silk-bonnet-wide-band","9":"product_tag-supplier-silk-bonnet-for-curly-hair-care","11":"first","12":"instock","13":"shipping-taxable","14":"purchasable","15":"product-type-simple"},"_links":{"self":[{"href":"https:\/\/silk-pajamas.com\/es\/wp-json\/wp\/v2\/product\/685","targetHints":{"allow":["GET"]}}],"collection":[{"href":"https:\/\/silk-pajamas.com\/es\/wp-json\/wp\/v2\/product"}],"about":[{"href":"https:\/\/silk-pajamas.com\/es\/wp-json\/wp\/v2\/types\/product"}],"wp:featuredmedia":[{"embeddable":true,"href":"https:\/\/silk-pajamas.com\/es\/wp-json\/wp\/v2\/media\/2234"}],"wp:attachment":[{"href":"https:\/\/silk-pajamas.com\/es\/wp-json\/wp\/v2\/media?parent=685"}],"wp:term":[{"taxonomy":"product_brand","embeddable":true,"href":"https:\/\/silk-pajamas.com\/es\/wp-json\/wp\/v2\/product_brand?post=685"},{"taxonomy":"product_cat","embeddable":true,"href":"https:\/\/silk-pajamas.com\/es\/wp-json\/wp\/v2\/product_cat?post=685"},{"taxonomy":"product_tag","embeddable":true,"href":"https:\/\/silk-pajamas.com\/es\/wp-json\/wp\/v2\/product_tag?post=685"}],"curies":[{"name":"wp","href":"https:\/\/api.w.org\/{rel}","templated":true}]}}