{"id":691,"date":"2026-04-12T15:43:20","date_gmt":"2026-04-12T15:43:20","guid":{"rendered":"https:\/\/silk-pajamas.com\/22-momme-mulberry-silk-bonnet-double-layer-leopard\/"},"modified":"2026-05-08T07:30:32","modified_gmt":"2026-05-08T07:30:32","slug":"22-momme-mulberry-silk-bonnet-double-layer-leopard","status":"publish","type":"product","link":"https:\/\/silk-pajamas.com\/es\/22-momme-mulberry-silk-bonnet-double-layer-leopard\/","title":{"rendered":"22 Momme Gorro de seda de morera doble capa leopardo"},"content":{"rendered":"<p>Confeccionado en seda de morera 22 momme, este gorro para dormir combina el detalle de la doble capa con un brillo suave y un tacto transpirable. El acabado de leopardo le confiere un aspecto refinado, mientras que la talla \u00fanica ayuda a cubrir la demanda b\u00e1sica. Adecuado para el cuidado del cabello largo y para todos los armarios de temporada. Lavar a mano en fr\u00edo y secar al aire.<\/p>","protected":false},"excerpt":{"rendered":"<p>22 gorro de dormir de seda Momme Mulberry en leopardo. Acabado de doble capa, tacto ligero y talla \u00fanica. Dise\u00f1ado para el cuidado del cabello largo.<\/p>","protected":false},"featured_media":2186,"template":"","meta":{"_gspb_post_css":""},"product_brand":[],"product_cat":[35],"product_tag":[392,393,394],"class_list":{"0":"post-691","1":"product","2":"type-product","3":"status-publish","4":"has-post-thumbnail","6":"product_cat-silk-bonnets","7":"product_tag-22-momme-silk-bonnet-leopard","8":"product_tag-mulberry-silk-bonnet-double-layer","9":"product_tag-vendor-silk-bonnet-for-long-hair-care","11":"first","12":"instock","13":"shipping-taxable","14":"purchasable","15":"product-type-simple"},"_links":{"self":[{"href":"https:\/\/silk-pajamas.com\/es\/wp-json\/wp\/v2\/product\/691","targetHints":{"allow":["GET"]}}],"collection":[{"href":"https:\/\/silk-pajamas.com\/es\/wp-json\/wp\/v2\/product"}],"about":[{"href":"https:\/\/silk-pajamas.com\/es\/wp-json\/wp\/v2\/types\/product"}],"wp:featuredmedia":[{"embeddable":true,"href":"https:\/\/silk-pajamas.com\/es\/wp-json\/wp\/v2\/media\/2186"}],"wp:attachment":[{"href":"https:\/\/silk-pajamas.com\/es\/wp-json\/wp\/v2\/media?parent=691"}],"wp:term":[{"taxonomy":"product_brand","embeddable":true,"href":"https:\/\/silk-pajamas.com\/es\/wp-json\/wp\/v2\/product_brand?post=691"},{"taxonomy":"product_cat","embeddable":true,"href":"https:\/\/silk-pajamas.com\/es\/wp-json\/wp\/v2\/product_cat?post=691"},{"taxonomy":"product_tag","embeddable":true,"href":"https:\/\/silk-pajamas.com\/es\/wp-json\/wp\/v2\/product_tag?post=691"}],"curies":[{"name":"wp","href":"https:\/\/api.w.org\/{rel}","templated":true}]}}