{"id":692,"date":"2026-04-12T15:43:20","date_gmt":"2026-04-12T15:43:20","guid":{"rendered":"https:\/\/silk-pajamas.com\/22-momme-soft-shine-silk-bonnet-wide-band-sage-factory\/"},"modified":"2026-05-08T07:32:38","modified_gmt":"2026-05-08T07:32:38","slug":"22-momme-soft-shine-silk-bonnet-wide-band-sage-factory","status":"publish","type":"product","link":"https:\/\/silk-pajamas.com\/es\/22-momme-soft-shine-silk-bonnet-wide-band-sage-factory\/","title":{"rendered":"22 Momme Sombrero de Seda Brillo Suave Banda Ancha Sage Factory"},"content":{"rendered":"<p>Confeccionado en seda de brillo suave de 22 momme, este gorro para dormir combina el detalle de la banda ancha con un brillo suave y un tacto transpirable. El acabado salvia le confiere un aspecto refinado, mientras que la talla \u00fanica ayuda a cubrir la demanda b\u00e1sica. Adecuado para el cuidado del cabello durante la noche y para los armarios de oto\u00f1o. Lavar a mano en fr\u00edo y secar al aire.<\/p>","protected":false},"excerpt":{"rendered":"<p>22 gorro de dormir de seda Momme Soft Shine en Sage. Acabado de banda ancha, tacto transpirable y talla \u00fanica. Dise\u00f1ado para el cuidado del cabello durante la noche.<\/p>","protected":false},"featured_media":2188,"template":"","meta":{"_gspb_post_css":""},"product_brand":[],"product_cat":[35],"product_tag":[395,376,361],"class_list":{"0":"post-692","1":"product","2":"type-product","3":"status-publish","4":"has-post-thumbnail","6":"product_cat-silk-bonnets","7":"product_tag-22-momme-silk-bonnet-sage","8":"product_tag-factory-silk-bonnet-for-overnight-hair-care","9":"product_tag-soft-shine-silk-bonnet-wide-band","11":"first","12":"instock","13":"featured","14":"shipping-taxable","15":"purchasable","16":"product-type-simple"},"_links":{"self":[{"href":"https:\/\/silk-pajamas.com\/es\/wp-json\/wp\/v2\/product\/692","targetHints":{"allow":["GET"]}}],"collection":[{"href":"https:\/\/silk-pajamas.com\/es\/wp-json\/wp\/v2\/product"}],"about":[{"href":"https:\/\/silk-pajamas.com\/es\/wp-json\/wp\/v2\/types\/product"}],"wp:featuredmedia":[{"embeddable":true,"href":"https:\/\/silk-pajamas.com\/es\/wp-json\/wp\/v2\/media\/2188"}],"wp:attachment":[{"href":"https:\/\/silk-pajamas.com\/es\/wp-json\/wp\/v2\/media?parent=692"}],"wp:term":[{"taxonomy":"product_brand","embeddable":true,"href":"https:\/\/silk-pajamas.com\/es\/wp-json\/wp\/v2\/product_brand?post=692"},{"taxonomy":"product_cat","embeddable":true,"href":"https:\/\/silk-pajamas.com\/es\/wp-json\/wp\/v2\/product_cat?post=692"},{"taxonomy":"product_tag","embeddable":true,"href":"https:\/\/silk-pajamas.com\/es\/wp-json\/wp\/v2\/product_tag?post=692"}],"curies":[{"name":"wp","href":"https:\/\/api.w.org\/{rel}","templated":true}]}}