{"id":693,"date":"2026-04-12T15:43:20","date_gmt":"2026-04-12T15:43:20","guid":{"rendered":"https:\/\/silk-pajamas.com\/19-momme-charmeuse-silk-bonnet-double-layer-blush\/"},"modified":"2026-05-08T07:34:40","modified_gmt":"2026-05-08T07:34:40","slug":"19-momme-charmeuse-silk-bonnet-double-layer-blush","status":"publish","type":"product","link":"https:\/\/silk-pajamas.com\/es\/19-momme-charmeuse-silk-bonnet-double-layer-blush\/","title":{"rendered":"19 Bonnet Momme Charmeuse Seda Doble Capa Blush"},"content":{"rendered":"<p>Este gorro de dormir est\u00e1 confeccionado en seda charmeuse 19 momme en tono rubor. Tiene doble capa, una suave sensaci\u00f3n al tacto y una c\u00f3moda ca\u00edda para el cuidado del cabello durante la noche. Se adapta a la talla \u00fanica y es ideal para el verano, para regalar o para el d\u00eda a d\u00eda. Lavar a mano en fr\u00edo y secar al aire.<\/p>","protected":false},"excerpt":{"rendered":"<p>19 gorro de dormir de seda Momme Charmeuse en color Blush. Acabado de doble capa, tacto transpirable y talla \u00fanica. Dise\u00f1ado para el cuidado del cabello durante la noche.<\/p>","protected":false},"featured_media":2196,"template":"","meta":{"_gspb_post_css":""},"product_brand":[],"product_cat":[35],"product_tag":[386,396,379],"class_list":{"0":"post-693","1":"product","2":"type-product","3":"status-publish","4":"has-post-thumbnail","6":"product_cat-silk-bonnets","7":"product_tag-19-momme-silk-bonnet-blush","8":"product_tag-charmeuse-silk-bonnet-double-layer","9":"product_tag-wholesale-silk-bonnet-for-overnight-hair-care","11":"first","12":"instock","13":"shipping-taxable","14":"purchasable","15":"product-type-simple"},"_links":{"self":[{"href":"https:\/\/silk-pajamas.com\/es\/wp-json\/wp\/v2\/product\/693","targetHints":{"allow":["GET"]}}],"collection":[{"href":"https:\/\/silk-pajamas.com\/es\/wp-json\/wp\/v2\/product"}],"about":[{"href":"https:\/\/silk-pajamas.com\/es\/wp-json\/wp\/v2\/types\/product"}],"wp:featuredmedia":[{"embeddable":true,"href":"https:\/\/silk-pajamas.com\/es\/wp-json\/wp\/v2\/media\/2196"}],"wp:attachment":[{"href":"https:\/\/silk-pajamas.com\/es\/wp-json\/wp\/v2\/media?parent=693"}],"wp:term":[{"taxonomy":"product_brand","embeddable":true,"href":"https:\/\/silk-pajamas.com\/es\/wp-json\/wp\/v2\/product_brand?post=693"},{"taxonomy":"product_cat","embeddable":true,"href":"https:\/\/silk-pajamas.com\/es\/wp-json\/wp\/v2\/product_cat?post=693"},{"taxonomy":"product_tag","embeddable":true,"href":"https:\/\/silk-pajamas.com\/es\/wp-json\/wp\/v2\/product_tag?post=693"}],"curies":[{"name":"wp","href":"https:\/\/api.w.org\/{rel}","templated":true}]}}