{"id":694,"date":"2026-04-12T15:43:20","date_gmt":"2026-04-12T15:43:20","guid":{"rendered":"https:\/\/silk-pajamas.com\/25-momme-double-layer-mulberry-silk-bonnet-custom-size-navy\/"},"modified":"2026-05-08T07:37:53","modified_gmt":"2026-05-08T07:37:53","slug":"25-momme-double-layer-mulberry-silk-bonnet-custom-size-navy","status":"publish","type":"product","link":"https:\/\/silk-pajamas.com\/es\/25-momme-double-layer-mulberry-silk-bonnet-custom-size-navy\/","title":{"rendered":"25 Momme Sombrero de Seda de Mora de Doble Capa Talla Personalizada Azul Marino"},"content":{"rendered":"<p>Confeccionado con seda de doble capa de 25 momme, este gorro de dormir ofrece resistencia a las arrugas, tacto suave en la piel y movimiento elegante. La construcci\u00f3n de lazo ajustable y el color azul marino mantienen el aspecto pulido para la protecci\u00f3n de la trenza. Disponible en Custom. Lavar a mano en fr\u00edo y secar al aire.<\/p>","protected":false},"excerpt":{"rendered":"<p>25 gorro de dormir de seda Momme Double Layer en azul marino. Acabado de corbata ajustable, tacto resistente a las arrugas y gama de tallas personalizada. Dise\u00f1ado para proteger las trenzas.<\/p>","protected":false},"featured_media":2202,"template":"","meta":{"_gspb_post_css":""},"product_brand":[],"product_cat":[35],"product_tag":[397,398,385],"class_list":{"0":"post-694","1":"product","2":"type-product","3":"status-publish","4":"has-post-thumbnail","6":"product_cat-silk-bonnets","7":"product_tag-25-momme-silk-bonnet-navy","8":"product_tag-double-layer-silk-bonnet-adjustable-tie","9":"product_tag-wholesale-silk-bonnet-for-braid-protection","11":"first","12":"instock","13":"shipping-taxable","14":"purchasable","15":"product-type-simple"},"_links":{"self":[{"href":"https:\/\/silk-pajamas.com\/es\/wp-json\/wp\/v2\/product\/694","targetHints":{"allow":["GET"]}}],"collection":[{"href":"https:\/\/silk-pajamas.com\/es\/wp-json\/wp\/v2\/product"}],"about":[{"href":"https:\/\/silk-pajamas.com\/es\/wp-json\/wp\/v2\/types\/product"}],"wp:featuredmedia":[{"embeddable":true,"href":"https:\/\/silk-pajamas.com\/es\/wp-json\/wp\/v2\/media\/2202"}],"wp:attachment":[{"href":"https:\/\/silk-pajamas.com\/es\/wp-json\/wp\/v2\/media?parent=694"}],"wp:term":[{"taxonomy":"product_brand","embeddable":true,"href":"https:\/\/silk-pajamas.com\/es\/wp-json\/wp\/v2\/product_brand?post=694"},{"taxonomy":"product_cat","embeddable":true,"href":"https:\/\/silk-pajamas.com\/es\/wp-json\/wp\/v2\/product_cat?post=694"},{"taxonomy":"product_tag","embeddable":true,"href":"https:\/\/silk-pajamas.com\/es\/wp-json\/wp\/v2\/product_tag?post=694"}],"curies":[{"name":"wp","href":"https:\/\/api.w.org\/{rel}","templated":true}]}}