{"id":705,"date":"2026-04-12T15:43:21","date_gmt":"2026-04-12T15:43:21","guid":{"rendered":"https:\/\/silk-pajamas.com\/22-momme-soft-shine-silk-eye-mask-cooling-ivory\/"},"modified":"2026-05-08T07:03:48","modified_gmt":"2026-05-08T07:03:48","slug":"22-momme-soft-shine-silk-eye-mask-cooling-ivory","status":"publish","type":"product","link":"https:\/\/silk-pajamas.com\/es\/22-momme-soft-shine-silk-eye-mask-cooling-ivory\/","title":{"rendered":"22 Momme M\u00e1scara de Ojos Seda Suave Brillo Refrescante Marfil"},"content":{"rendered":"<p>Este antifaz acolchado para dormir est\u00e1 confeccionado en seda de brillo suave de 22 momme en tono marfil. Es refrescante, suave al tacto y c\u00f3modo para quienes duermen poco. Se adapta a la talla \u00fanica y es ideal para llevar en verano, para regalar o para el confort diario. Se puede lavar a mano o en fr\u00edo.<\/p>","protected":false},"excerpt":{"rendered":"<p>22 Antifaz acolchado de seda Momme Soft Shine en color marfil. Acabado refrescante, tacto transpirable y talla \u00fanica. Dise\u00f1ado para durmientes ligeros.<\/p>","protected":false},"featured_media":2162,"template":"","meta":{"_gspb_post_css":""},"product_brand":[],"product_cat":[37],"product_tag":[422,423,424],"class_list":{"0":"post-705","1":"product","2":"type-product","3":"status-publish","4":"has-post-thumbnail","6":"product_cat-silk-eye-masks","7":"product_tag-22-momme-silk-eye-mask-ivory","8":"product_tag-soft-shine-silk-eye-mask-cooling","9":"product_tag-wholesale-silk-eye-mask-for-light-sleepers","11":"first","12":"instock","13":"shipping-taxable","14":"purchasable","15":"product-type-simple"},"_links":{"self":[{"href":"https:\/\/silk-pajamas.com\/es\/wp-json\/wp\/v2\/product\/705","targetHints":{"allow":["GET"]}}],"collection":[{"href":"https:\/\/silk-pajamas.com\/es\/wp-json\/wp\/v2\/product"}],"about":[{"href":"https:\/\/silk-pajamas.com\/es\/wp-json\/wp\/v2\/types\/product"}],"wp:featuredmedia":[{"embeddable":true,"href":"https:\/\/silk-pajamas.com\/es\/wp-json\/wp\/v2\/media\/2162"}],"wp:attachment":[{"href":"https:\/\/silk-pajamas.com\/es\/wp-json\/wp\/v2\/media?parent=705"}],"wp:term":[{"taxonomy":"product_brand","embeddable":true,"href":"https:\/\/silk-pajamas.com\/es\/wp-json\/wp\/v2\/product_brand?post=705"},{"taxonomy":"product_cat","embeddable":true,"href":"https:\/\/silk-pajamas.com\/es\/wp-json\/wp\/v2\/product_cat?post=705"},{"taxonomy":"product_tag","embeddable":true,"href":"https:\/\/silk-pajamas.com\/es\/wp-json\/wp\/v2\/product_tag?post=705"}],"curies":[{"name":"wp","href":"https:\/\/api.w.org\/{rel}","templated":true}]}}