{"id":707,"date":"2026-04-12T15:43:21","date_gmt":"2026-04-12T15:43:21","guid":{"rendered":"https:\/\/silk-pajamas.com\/22-momme-charmeuse-mulberry-silk-eye-mask-cooling-lilac\/"},"modified":"2026-05-08T07:08:49","modified_gmt":"2026-05-08T07:08:49","slug":"22-momme-charmeuse-mulberry-silk-eye-mask-cooling-lilac","status":"publish","type":"product","link":"https:\/\/silk-pajamas.com\/es\/22-momme-charmeuse-mulberry-silk-eye-mask-cooling-lilac\/","title":{"rendered":"22 Momme Charmeuse M\u00e1scara de Ojos de Seda de Morera Refrescante Lila"},"content":{"rendered":"<p>Este antifaz acolchado para dormir est\u00e1 confeccionado en seda charmeuse 22 momme en tono lila. Ofrece frescor, una sensaci\u00f3n suave al tacto y una ca\u00edda c\u00f3moda para las personas con sue\u00f1o ligero. Se adapta a la talla \u00fanica y es ideal para llevar en cualquier \u00e9poca del a\u00f1o, como regalo o para el d\u00eda a d\u00eda. Se puede lavar a mano o en fr\u00edo.<\/p>","protected":false},"excerpt":{"rendered":"<p>22 Antifaz acolchado de seda Momme Charmeuse en color Lila. Acabado refrescante, tacto termorregulador y talla \u00fanica. Dise\u00f1ado para durmientes ligeros.<\/p>","protected":false},"featured_media":2168,"template":"","meta":{"_gspb_post_css":""},"product_brand":[],"product_cat":[37],"product_tag":[427,408,424],"class_list":{"0":"post-707","1":"product","2":"type-product","3":"status-publish","4":"has-post-thumbnail","6":"product_cat-silk-eye-masks","7":"product_tag-22-momme-silk-eye-mask-lilac","8":"product_tag-charmeuse-silk-eye-mask-cooling","9":"product_tag-wholesale-silk-eye-mask-for-light-sleepers","11":"first","12":"instock","13":"featured","14":"shipping-taxable","15":"purchasable","16":"product-type-simple"},"_links":{"self":[{"href":"https:\/\/silk-pajamas.com\/es\/wp-json\/wp\/v2\/product\/707","targetHints":{"allow":["GET"]}}],"collection":[{"href":"https:\/\/silk-pajamas.com\/es\/wp-json\/wp\/v2\/product"}],"about":[{"href":"https:\/\/silk-pajamas.com\/es\/wp-json\/wp\/v2\/types\/product"}],"wp:featuredmedia":[{"embeddable":true,"href":"https:\/\/silk-pajamas.com\/es\/wp-json\/wp\/v2\/media\/2168"}],"wp:attachment":[{"href":"https:\/\/silk-pajamas.com\/es\/wp-json\/wp\/v2\/media?parent=707"}],"wp:term":[{"taxonomy":"product_brand","embeddable":true,"href":"https:\/\/silk-pajamas.com\/es\/wp-json\/wp\/v2\/product_brand?post=707"},{"taxonomy":"product_cat","embeddable":true,"href":"https:\/\/silk-pajamas.com\/es\/wp-json\/wp\/v2\/product_cat?post=707"},{"taxonomy":"product_tag","embeddable":true,"href":"https:\/\/silk-pajamas.com\/es\/wp-json\/wp\/v2\/product_tag?post=707"}],"curies":[{"name":"wp","href":"https:\/\/api.w.org\/{rel}","templated":true}]}}