{"id":708,"date":"2026-04-12T15:43:21","date_gmt":"2026-04-12T15:43:21","guid":{"rendered":"https:\/\/silk-pajamas.com\/25-momme-charmeuse-silk-eye-mask-elastic-strap-coffee\/"},"modified":"2026-05-08T07:21:45","modified_gmt":"2026-05-08T07:21:45","slug":"25-momme-charmeuse-silk-eye-mask-elastic-strap-coffee","status":"publish","type":"product","link":"https:\/\/silk-pajamas.com\/es\/25-momme-charmeuse-silk-eye-mask-elastic-strap-coffee\/","title":{"rendered":"25 Momme Charmeuse M\u00e1scara de seda para los ojos Correa el\u00e1stica Caf\u00e9"},"content":{"rendered":"<p>Confeccionado en seda charmeuse 25 momme, este antifaz acolchado para dormir combina el detalle de la cinta el\u00e1stica con un brillo suave y un tacto transpirable. El acabado caf\u00e9 le confiere un aspecto refinado, mientras que la talla \u00fanica ayuda a cubrir la demanda central. Adecuado para programas de spa y armarios de primavera. Se puede lavar a mano o en fr\u00edo.<\/p>","protected":false},"excerpt":{"rendered":"<p>25 Antifaz acolchado de seda Momme Charmeuse en color Caf\u00e9. Acabado en cinta el\u00e1stica, tacto ligero y talla \u00fanica. Dise\u00f1ado para programas de spa.<\/p>","protected":false},"featured_media":2171,"template":"","meta":{"_gspb_post_css":""},"product_brand":[],"product_cat":[37],"product_tag":[410,428,429],"class_list":{"0":"post-708","1":"product","2":"type-product","3":"status-publish","4":"has-post-thumbnail","6":"product_cat-silk-eye-masks","7":"product_tag-25-momme-silk-eye-mask-coffee","8":"product_tag-charmeuse-silk-eye-mask-elastic-strap","9":"product_tag-factory-silk-eye-mask-for-spa-programs","11":"first","12":"instock","13":"shipping-taxable","14":"purchasable","15":"product-type-simple"},"_links":{"self":[{"href":"https:\/\/silk-pajamas.com\/es\/wp-json\/wp\/v2\/product\/708","targetHints":{"allow":["GET"]}}],"collection":[{"href":"https:\/\/silk-pajamas.com\/es\/wp-json\/wp\/v2\/product"}],"about":[{"href":"https:\/\/silk-pajamas.com\/es\/wp-json\/wp\/v2\/types\/product"}],"wp:featuredmedia":[{"embeddable":true,"href":"https:\/\/silk-pajamas.com\/es\/wp-json\/wp\/v2\/media\/2171"}],"wp:attachment":[{"href":"https:\/\/silk-pajamas.com\/es\/wp-json\/wp\/v2\/media?parent=708"}],"wp:term":[{"taxonomy":"product_brand","embeddable":true,"href":"https:\/\/silk-pajamas.com\/es\/wp-json\/wp\/v2\/product_brand?post=708"},{"taxonomy":"product_cat","embeddable":true,"href":"https:\/\/silk-pajamas.com\/es\/wp-json\/wp\/v2\/product_cat?post=708"},{"taxonomy":"product_tag","embeddable":true,"href":"https:\/\/silk-pajamas.com\/es\/wp-json\/wp\/v2\/product_tag?post=708"}],"curies":[{"name":"wp","href":"https:\/\/api.w.org\/{rel}","templated":true}]}}